{"id":5743,"date":"2020-03-24T11:36:13","date_gmt":"2020-03-24T10:36:13","guid":{"rendered":"https:\/\/ilpianetadelleidee.it\/?page_id=5743"},"modified":"2024-01-30T10:48:13","modified_gmt":"2024-01-30T09:48:13","slug":"prova","status":"publish","type":"page","link":"https:\/\/ilpianetadelleidee.it\/en\/prova\/","title":{"rendered":"prova"},"content":{"rendered":"<div class=\"wpb-content-wrapper\"><p>[vc_row][vc_column width=&#8221;2\/5&#8243;][vc_single_image image=&#8221;5745&#8243; img_size=&#8221;large&#8221; alignment=&#8221;center&#8221; parallax_scroll=&#8221;no&#8221;][\/vc_column][vc_column width=&#8221;3\/5&#8243;][vc_column_text text_larger=&#8221;no&#8221;]<\/p>\n<blockquote>\n<h1 style=\"text-align: left;\"><span style=\"font-size: 14pt;\">Il <strong>Safe Desk &#8211; Lavorare in sicurezza<br \/>\n<\/strong><\/span><span style=\"font-size: 14pt;\">\u00e8 un dispositivo di prevenzione da virus e malattie contagiose.<\/span><\/h1>\n<\/blockquote>\n<p>[\/vc_column_text][vc_column_text text_larger=&#8221;no&#8221;]<\/p>\n<p style=\"text-align: justify;\"><span style=\"font-size: 14pt;\">\u00c8 studiato per le attivit\u00e0 professionali rivolte al pubblico e per gli ambienti di lavoro e di socialit\u00e0 promiscui, dove c&#8217;\u00e8 maggior vicinanza e maggior intensit\u00e0 di relazioni tra colleghi.<\/span><\/p>\n<p>[\/vc_column_text][vc_column_text text_larger=&#8221;no&#8221;]<\/p>\n<blockquote>\n<p style=\"text-align: justify;\"><span style=\"font-size: 14pt;\">\u00c8 pensato per dare una risposta concreta all&#8217;attuale emergenza sanitaria derivante dal virus Covid 19, vuole essere uno strumento <strong>per aiutare a garantire igiene e distanza di sicurezza<\/strong>.<\/span><\/p>\n<\/blockquote>\n<p>[\/vc_column_text][vc_column_text text_larger=&#8221;no&#8221;]<\/p>\n<p style=\"text-align: justify;\"><span style=\"font-size: 14pt;\">Pu\u00f2 essere utilizzato da hotel, farmacie, banche, centri commerciali, uffici pubblici, amministrazioni aziendali, coworking, studi professionali, front office aziendali, etc.<\/span><\/p>\n<p>[\/vc_column_text][\/vc_column][\/vc_row][vc_row][vc_column][vc_separator][\/vc_column][\/vc_row][vc_row][vc_column width=&#8221;2\/5&#8243;][vc_single_image image=&#8221;5760&#8243; img_size=&#8221;full&#8221; parallax_scroll=&#8221;no&#8221;][\/vc_column][vc_column width=&#8221;3\/5&#8243;][vc_column_text text_larger=&#8221;no&#8221;]<\/p>\n<p style=\"text-align: justify;\"><span style=\"font-size: 14pt;\">\u00c8 composto da un pannello di plexiglass e dalle basi in legno di faggio massello.<\/span><\/p>\n<p>[\/vc_column_text][vc_column_text text_larger=&#8221;no&#8221;]<\/p>\n<blockquote>\n<p style=\"text-align: justify;\"><strong><span style=\"font-size: 14pt;\">Ogni Safe Desk \u00e8 personalizzabile sia sul plexiglass che sulla base con il proprio logo, con una frase o un disegno, in bianco e nero o in quadricromia.<\/span><\/strong><\/p>\n<\/blockquote>\n<p>[\/vc_column_text][vc_column_text text_larger=&#8221;no&#8221;]<\/p>\n<p style=\"text-align: justify;\"><span style=\"font-size: 14pt;\">Occupa poco poco spazio, facilissimo da montare e da smontare.<\/span><\/p>\n<p>[\/vc_column_text][\/vc_column][\/vc_row][vc_row][vc_column][vc_separator][\/vc_column][\/vc_row][vc_row mobile_bg_img_hidden=&#8221;no&#8221; tablet_bg_img_hidden=&#8221;no&#8221; woodmart_parallax=&#8221;0&#8243; woodmart_gradient_switch=&#8221;no&#8221; row_reverse_mobile=&#8221;0&#8243; row_reverse_tablet=&#8221;0&#8243; woodmart_disable_overflow=&#8221;0&#8243;][vc_column width=&#8221;2\/5&#8243;][vc_single_image image=&#8221;5762&#8243; img_size=&#8221;full&#8221; parallax_scroll=&#8221;no&#8221;][\/vc_column][vc_column width=&#8221;3\/5&#8243; mobile_bg_img_hidden=&#8221;no&#8221; tablet_bg_img_hidden=&#8221;no&#8221; woodmart_parallax=&#8221;0&#8243; woodmart_sticky_column=&#8221;false&#8221; parallax_scroll=&#8221;no&#8221; mobile_reset_margin=&#8221;no&#8221; tablet_reset_margin=&#8221;no&#8221;][vc_empty_space woodmart_hide_large=&#8221;0&#8243; woodmart_hide_medium=&#8221;0&#8243; woodmart_hide_small=&#8221;0&#8243; woodmart_hide_extra_small=&#8221;0&#8243;][vc_column_text text_larger=&#8221;no&#8221;]<\/p>\n<p style=\"text-align: justify;\"><span style=\"font-size: 14pt;\">\u00c8 disponibile in diverse grandezze e misure per soddisfare e garantire ogni tipo di relazione profezzionale, adottando le giuste precauzioni.<\/span><\/p>\n<p>[\/vc_column_text]\n\t\t<div id=\"wd-5e79fc481ad2d\" class=\"title-wrapper wd-wpb wd-set-mb reset-last-child  wd-rs-5e79fc481ad2d wd-title-color-default wd-title-style-default text-center  wd-underline-colored\">\n\t\t\t\n\t\t\t<div class=\"liner-continer\">\n\t\t\t\t<h4 class=\"woodmart-title-container title  wd-font-weight-600 wd-fontsize-l\" >RICHIEDICI INFORMAZIONI<\/h4>\n\t\t\t\t\t\t\t<\/div>\n\t\t\t\n\t\t\t\t\t\t\t<div class=\"title-after_title reset-last-child  wd-fontsize-xs\">Desideri personalizzare il tuo SafeDesk?<\/div>\n\t\t\t\n\t\t\t\n\t\t<\/div>\n\t\t\n\t\t<div id=\"wd-5e79fce47c1fb\" class=\" wd-rs-5e79fce47c1fb   wd-rs-5e79fce47c1fb wd-button-wrapper text-center\"><a href=\"#my_popup\" title=\"\" class=\"btn btn-color-primary btn-style-default btn-shape-rectangle btn-size-large btn-full-width wd-open-popup \">CONTATTACI<\/a><\/div><div id=\"my_popup\" class=\"mfp-hide wd-popup wd-popup-element wd-scroll-content\" style=\"--wd-popup-width:800px;\">\n\t\t<div id=\"wd-5e79fc9f4f9b4\" class=\"title-wrapper wd-wpb wd-set-mb reset-last-child  wd-rs-5e79fc9f4f9b4 wd-title-color-default wd-title-style-default text-center  wd-underline-colored\">\n\t\t\t\n\t\t\t<div class=\"liner-continer\">\n\t\t\t\t<h4 class=\"woodmart-title-container title  wd-font-weight- wd-fontsize-l\" >RICHIEDI INFORMAZIONI<\/h4>\n\t\t\t\t\t\t\t<\/div>\n\t\t\t\n\t\t\t\t\t\t\t<div class=\"title-after_title reset-last-child  wd-fontsize-xs\">Vuoi personalizzare il tuo Safe Desk?<\/div>\n\t\t\t\n\t\t\t\n\t\t<\/div>\n\t\t\n\t\t\n<div class=\"wpcf7 no-js\" id=\"wpcf7-f3392-o1\" lang=\"it-IT\" dir=\"ltr\" data-wpcf7-id=\"3392\">\n<div class=\"screen-reader-response\"><p role=\"status\" aria-live=\"polite\" aria-atomic=\"true\"><\/p> <ul><\/ul><\/div>\n<form action=\"\/en\/wp-json\/wp\/v2\/pages\/5743#wpcf7-f3392-o1\" method=\"post\" class=\"wpcf7-form init\" aria-label=\"Modulo di contatto\" novalidate=\"novalidate\" data-status=\"init\">\n<fieldset class=\"hidden-fields-container\"><input type=\"hidden\" name=\"_wpcf7\" value=\"3392\" \/><input type=\"hidden\" name=\"_wpcf7_version\" value=\"6.1.4\" \/><input type=\"hidden\" name=\"_wpcf7_locale\" value=\"it_IT\" \/><input type=\"hidden\" name=\"_wpcf7_unit_tag\" value=\"wpcf7-f3392-o1\" \/><input type=\"hidden\" name=\"_wpcf7_container_post\" value=\"0\" \/><input type=\"hidden\" name=\"_wpcf7_posted_data_hash\" value=\"\" \/><input type=\"hidden\" name=\"lang\" value=\"en\" \/>\n<\/fieldset>\n<p><label>Your name (required)<br \/>\n<span class=\"wpcf7-form-control-wrap\" data-name=\"your-name\"><input size=\"40\" maxlength=\"400\" class=\"wpcf7-form-control wpcf7-text wpcf7-validates-as-required\" aria-required=\"true\" aria-invalid=\"false\" value=\"\" type=\"text\" name=\"your-name\" \/><\/span> <\/label>\n<\/p>\n<p><label> Your email (requested)<br \/>\n<span class=\"wpcf7-form-control-wrap\" data-name=\"your-email\"><input size=\"40\" maxlength=\"400\" class=\"wpcf7-form-control wpcf7-email wpcf7-validates-as-required wpcf7-text wpcf7-validates-as-email\" aria-required=\"true\" aria-invalid=\"false\" value=\"\" type=\"email\" name=\"your-email\" \/><\/span> <\/label>\n<\/p>\n<p><label> Subject<br \/>\n<span class=\"wpcf7-form-control-wrap\" data-name=\"your-subject\"><input size=\"40\" maxlength=\"400\" class=\"wpcf7-form-control wpcf7-text\" aria-invalid=\"false\" value=\"\" type=\"text\" name=\"your-subject\" \/><\/span> <\/label>\n<\/p>\n<p><label> Your message<br \/>\n<span class=\"wpcf7-form-control-wrap\" data-name=\"your-message\"><textarea cols=\"40\" rows=\"10\" maxlength=\"2000\" class=\"wpcf7-form-control wpcf7-textarea\" aria-invalid=\"false\" name=\"your-message\"><\/textarea><\/span> <\/label>\n<\/p>\n<p><label> Anti-spam quiz<br \/>\n<span class=\"wpcf7-form-control-wrap\" data-name=\"quiz-876\"><label><span class=\"wpcf7-quiz-label\">11-1=?<\/span> <input size=\"40\" class=\"wpcf7-form-control wpcf7-quiz\" autocomplete=\"off\" aria-required=\"true\" aria-invalid=\"false\" type=\"text\" name=\"quiz-876\" \/><\/label><input type=\"hidden\" name=\"_wpcf7_quiz_answer_quiz-876\" value=\"e0791d4f8d37283cff74d935fe2b9a54\" \/><\/span><\/label>\n<\/p>\n<p><input class=\"wpcf7-form-control wpcf7-submit has-spinner\" type=\"submit\" value=\"Submit\" \/>\n<\/p><div class=\"wpcf7-response-output\" aria-hidden=\"true\"><\/div>\n<\/form>\n<\/div>\n<\/div>[\/vc_column][\/vc_row][vc_row][vc_column][vc_empty_space woodmart_hide_large=&#8221;0&#8243; woodmart_hide_medium=&#8221;0&#8243; woodmart_hide_small=&#8221;0&#8243; woodmart_hide_extra_small=&#8221;0&#8243;][vc_text_separator title=&#8221;ESSENZE DISPONIBILI&#8221; color=&#8221;green&#8221;][\/vc_column][\/vc_row][vc_row][vc_column width=&#8221;1\/4&#8243;][vc_single_image image=&#8221;5766&#8243; img_size=&#8221;medium&#8221; alignment=&#8221;center&#8221; parallax_scroll=&#8221;no&#8221; title=&#8221;FAGGIO (Standard)&#8221;][\/vc_column][vc_column width=&#8221;1\/4&#8243;][vc_single_image image=&#8221;5768&#8243; img_size=&#8221;medium&#8221; alignment=&#8221;center&#8221; parallax_scroll=&#8221;no&#8221; title=&#8221;ROVERE&#8221;][\/vc_column][vc_column width=&#8221;1\/4&#8243; mobile_bg_img_hidden=&#8221;no&#8221; tablet_bg_img_hidden=&#8221;no&#8221; woodmart_parallax=&#8221;0&#8243; woodmart_sticky_column=&#8221;false&#8221; parallax_scroll=&#8221;no&#8221; mobile_reset_margin=&#8221;no&#8221; tablet_reset_margin=&#8221;no&#8221;][vc_single_image image=&#8221;5767&#8243; img_size=&#8221;medium&#8221; alignment=&#8221;center&#8221; parallax_scroll=&#8221;no&#8221; title=&#8221;NOCE&#8221;][\/vc_column][vc_column width=&#8221;1\/4&#8243;][vc_single_image image=&#8221;5773&#8243; img_size=&#8221;medium&#8221; alignment=&#8221;center&#8221; parallax_scroll=&#8221;no&#8221; title=&#8221;TIGLIO&#8221;][\/vc_column][\/vc_row]<\/p>\n<\/div>","protected":false},"excerpt":{"rendered":"<p>[vc_row][vc_column width=&#8221;2\/5&#8243;][vc_single_image image=&#8221;5745&#8243; img_size=&#8221;large&#8221; alignment=&#8221;center&#8221; parallax_scroll=&#8221;no&#8221;][\/vc_column][vc_column width=&#8221;3\/5&#8243;][vc_column_text text_larger=&#8221;no&#8221;] Il Safe Desk &#8211; Lavorare in sicurezza \u00e8 un dispositivo di prevenzione<\/p>\n","protected":false},"author":1,"featured_media":0,"parent":0,"menu_order":0,"comment_status":"closed","ping_status":"closed","template":"","meta":{"footnotes":""},"class_list":["post-5743","page","type-page","status-publish","hentry"],"yoast_head":"<!-- This site is optimized with the Yoast SEO plugin v26.6 - https:\/\/yoast.com\/wordpress\/plugins\/seo\/ -->\n<title>prova<\/title>\n<meta name=\"robots\" content=\"index, follow, max-snippet:-1, max-image-preview:large, max-video-preview:-1\" \/>\n<link rel=\"canonical\" href=\"https:\/\/ilpianetadelleidee.it\/en\/prova\/\" \/>\n<meta property=\"og:locale\" content=\"en_GB\" \/>\n<meta property=\"og:locale:alternate\" content=\"it_IT\" \/>\n<meta property=\"og:type\" content=\"article\" \/>\n<meta property=\"og:title\" content=\"prova\" \/>\n<meta property=\"og:description\" content=\"[vc_row][vc_column width=&#8221;2\/5&#8243;][vc_single_image image=&#8221;5745&#8243; img_size=&#8221;large&#8221; alignment=&#8221;center&#8221; parallax_scroll=&#8221;no&#8221;][\/vc_column][vc_column width=&#8221;3\/5&#8243;][vc_column_text text_larger=&#8221;no&#8221;] Il Safe Desk &#8211; Lavorare in sicurezza \u00e8 un dispositivo di prevenzione\" \/>\n<meta property=\"og:url\" content=\"https:\/\/ilpianetadelleidee.it\/en\/prova\/\" \/>\n<meta property=\"og:site_name\" content=\"Il Pianeta delle Idee\" \/>\n<meta property=\"article:modified_time\" content=\"2024-01-30T09:48:13+00:00\" \/>\n<meta name=\"twitter:card\" content=\"summary_large_image\" \/>\n<meta name=\"twitter:label1\" content=\"Estimated reading time\" \/>\n\t<meta name=\"twitter:data1\" content=\"6 minutes\" \/>\n<script type=\"application\/ld+json\" class=\"yoast-schema-graph\">{\"@context\":\"https:\/\/schema.org\",\"@graph\":[{\"@type\":\"WebPage\",\"@id\":\"https:\/\/ilpianetadelleidee.it\/en\/prova\/\",\"url\":\"https:\/\/ilpianetadelleidee.it\/en\/prova\/\",\"name\":\"prova\",\"isPartOf\":{\"@id\":\"https:\/\/ilpianetadelleidee.it\/#website\"},\"datePublished\":\"2020-03-24T10:36:13+00:00\",\"dateModified\":\"2024-01-30T09:48:13+00:00\",\"breadcrumb\":{\"@id\":\"https:\/\/ilpianetadelleidee.it\/en\/prova\/#breadcrumb\"},\"inLanguage\":\"en-GB\",\"potentialAction\":[{\"@type\":\"ReadAction\",\"target\":[\"https:\/\/ilpianetadelleidee.it\/en\/prova\/\"]}]},{\"@type\":\"BreadcrumbList\",\"@id\":\"https:\/\/ilpianetadelleidee.it\/en\/prova\/#breadcrumb\",\"itemListElement\":[{\"@type\":\"ListItem\",\"position\":1,\"name\":\"Home\",\"item\":\"https:\/\/ilpianetadelleidee.it\/\"},{\"@type\":\"ListItem\",\"position\":2,\"name\":\"prova\"}]},{\"@type\":\"WebSite\",\"@id\":\"https:\/\/ilpianetadelleidee.it\/#website\",\"url\":\"https:\/\/ilpianetadelleidee.it\/\",\"name\":\"Il Pianeta delle Idee\",\"description\":\"Un Mondo di Legno e Colori\",\"potentialAction\":[{\"@type\":\"SearchAction\",\"target\":{\"@type\":\"EntryPoint\",\"urlTemplate\":\"https:\/\/ilpianetadelleidee.it\/?s={search_term_string}\"},\"query-input\":{\"@type\":\"PropertyValueSpecification\",\"valueRequired\":true,\"valueName\":\"search_term_string\"}}],\"inLanguage\":\"en-GB\"}]}<\/script>\n<!-- \/ Yoast SEO plugin. -->","yoast_head_json":{"title":"prova","robots":{"index":"index","follow":"follow","max-snippet":"max-snippet:-1","max-image-preview":"max-image-preview:large","max-video-preview":"max-video-preview:-1"},"canonical":"https:\/\/ilpianetadelleidee.it\/en\/prova\/","og_locale":"en_GB","og_type":"article","og_title":"[:en]prova[:it]prova[:] - Il Pianeta delle Idee","og_description":"[vc_row][vc_column width=&#8221;2\/5&#8243;][vc_single_image image=&#8221;5745&#8243; img_size=&#8221;large&#8221; alignment=&#8221;center&#8221; parallax_scroll=&#8221;no&#8221;][\/vc_column][vc_column width=&#8221;3\/5&#8243;][vc_column_text text_larger=&#8221;no&#8221;] Il Safe Desk &#8211; Lavorare in sicurezza \u00e8 un dispositivo di prevenzione","og_url":"https:\/\/ilpianetadelleidee.it\/en\/prova\/","og_site_name":"Il Pianeta delle Idee","article_modified_time":"2024-01-30T09:48:13+00:00","twitter_card":"summary_large_image","twitter_misc":{"Estimated reading time":"6 minutes"},"schema":{"@context":"https:\/\/schema.org","@graph":[{"@type":"WebPage","@id":"https:\/\/ilpianetadelleidee.it\/en\/prova\/","url":"https:\/\/ilpianetadelleidee.it\/en\/prova\/","name":"prova","isPartOf":{"@id":"https:\/\/ilpianetadelleidee.it\/#website"},"datePublished":"2020-03-24T10:36:13+00:00","dateModified":"2024-01-30T09:48:13+00:00","breadcrumb":{"@id":"https:\/\/ilpianetadelleidee.it\/en\/prova\/#breadcrumb"},"inLanguage":"en-GB","potentialAction":[{"@type":"ReadAction","target":["https:\/\/ilpianetadelleidee.it\/en\/prova\/"]}]},{"@type":"BreadcrumbList","@id":"https:\/\/ilpianetadelleidee.it\/en\/prova\/#breadcrumb","itemListElement":[{"@type":"ListItem","position":1,"name":"Home","item":"https:\/\/ilpianetadelleidee.it\/"},{"@type":"ListItem","position":2,"name":"prova"}]},{"@type":"WebSite","@id":"https:\/\/ilpianetadelleidee.it\/#website","url":"https:\/\/ilpianetadelleidee.it\/","name":"Il Pianeta delle Idee","description":"Un Mondo di Legno e Colori","potentialAction":[{"@type":"SearchAction","target":{"@type":"EntryPoint","urlTemplate":"https:\/\/ilpianetadelleidee.it\/?s={search_term_string}"},"query-input":{"@type":"PropertyValueSpecification","valueRequired":true,"valueName":"search_term_string"}}],"inLanguage":"en-GB"}]}},"_links":{"self":[{"href":"https:\/\/ilpianetadelleidee.it\/en\/wp-json\/wp\/v2\/pages\/5743","targetHints":{"allow":["GET"]}}],"collection":[{"href":"https:\/\/ilpianetadelleidee.it\/en\/wp-json\/wp\/v2\/pages"}],"about":[{"href":"https:\/\/ilpianetadelleidee.it\/en\/wp-json\/wp\/v2\/types\/page"}],"author":[{"embeddable":true,"href":"https:\/\/ilpianetadelleidee.it\/en\/wp-json\/wp\/v2\/users\/1"}],"replies":[{"embeddable":true,"href":"https:\/\/ilpianetadelleidee.it\/en\/wp-json\/wp\/v2\/comments?post=5743"}],"version-history":[{"count":20,"href":"https:\/\/ilpianetadelleidee.it\/en\/wp-json\/wp\/v2\/pages\/5743\/revisions"}],"predecessor-version":[{"id":10547,"href":"https:\/\/ilpianetadelleidee.it\/en\/wp-json\/wp\/v2\/pages\/5743\/revisions\/10547"}],"wp:attachment":[{"href":"https:\/\/ilpianetadelleidee.it\/en\/wp-json\/wp\/v2\/media?parent=5743"}],"curies":[{"name":"wp","href":"https:\/\/api.w.org\/{rel}","templated":true}]}}