{"id":10089,"date":"2023-03-30T11:46:15","date_gmt":"2023-03-30T10:46:15","guid":{"rendered":"https:\/\/ilpianetadelleidee.it\/?post_type=product&#038;p=10089"},"modified":"2025-11-18T14:20:42","modified_gmt":"2025-11-18T13:20:42","slug":"trial-wood-linea-carlosauri-gioco-da-tavola-di-abilita-il-pianeta-delle-idee-100-made-in-italy","status":"publish","type":"product","link":"https:\/\/ilpianetadelleidee.it\/en\/prodotto\/trial-wood-linea-carlosauri-gioco-da-tavola-di-abilita-il-pianeta-delle-idee-100-made-in-italy\/","title":{"rendered":"Trial Wood"},"content":{"rendered":"<p>Questo gioco \u00e8 stato ispirato dalla disciplina del Moto Trial e ne segue la stessa filosofia: affrontare e superare ogni tipo di ostacoli che ci si presentano davanti.<br \/>\nEcco a voi 20 elementi diversi ad incastro per comporre un percorso ogni volta pi\u00f9 difficile da affrontare con uno stick in legno che contiene una pallina.<\/p>\n<p>Questo \u00e8 il Trial Wood. Il nuovo arrivato nella famiglia dei <a href=\"https:\/\/ilpianetadelleidee.it\/categoria-prodotto\/carlosauri\/\">Carlosauri<\/a><\/p>\n<p><span style=\"color: #339966;\"><strong><u>Come si gioca:<\/u><\/strong><\/span><br \/>\nInizialmente occorre costruire il percorso orientando i singoli elementi in modo da rendere la prova pi\u00f9 o meno difficile. Si inizia normalmente dall\u2019angolo in basso a destra per poi proseguire lungo l\u2019asse longitudinale.<br \/>\nIl percorso pu\u00f2 essere pi\u00f9 o meno lungo.<br \/>\nUna volta completato il percorso bisogna prendere il bastoncino guida e mettere la pallina in legno all\u2019interno della guida.<br \/>\nLa posizione di partenza \u00e8 alla base del primo elemento da affrontare. Ora, con abili mosse fatte di velocit\u00e0 a precisione bisogner\u00e0 far scorrere la pallina lungo il profilo degli elementi fino a raggiungere la meta prefissata senza far cadere la sfera.<\/p>\n<p>Attenzione!<br \/>\nLungo il percorso dovrete affrontare salti, contropendenze, muri verticali e molte altre insidie. Se la pallina vi cade dovrete ricominciare da capo, ma non perdetevi d\u2019animo. Il Trial Wood \u00e8 un gioco avanzato per persone pazienti ed esperte! Si pu\u00f2 giocare da soli o in due.<\/p>\n<p>Il Trial Wood \u00e8 un gioco da tavolo che educa la mente ad affrontare sfide che apparentemente sembrano difficili o impossibili.<br \/>\nAllo stesso tempo \u00e8 un valido strumento di allenamento alla coordinazione ed alla rapidit\u00e0 di movimento unita alla precisione.<\/p>\n<p>E\u2019 adatto ai bambini dai 6 anni in su.<br \/>\nLegno: multistrato di betulla<br \/>\nMisure: cm 34&#215;22 h 11<\/p>","protected":false},"excerpt":{"rendered":"<p><strong><span style=\"color: #ff0000;\">Novit\u00e0 2024!<\/span><\/strong><br \/>\nChi sar\u00e0 il pi\u00f9 abile nel terminare il percorso ad ostacoli del Trial Wood?<br \/>\nDivertiti a sfidare gli amici in questo gioco di abilit\u00e0, destrezza e precisione.<br \/>\nComponi il tuo percorso, ogni volta diverso e con lo stick guida porta la pallina a destinazione senza farla cadere!<br \/>\nIl Trial Wood permette infinte combinazioni di percorso per avere ogni volta una sfida nuova.<br \/>\nSi pu\u00f2 giocare da soli o in una gara uno contro uno.<br \/>\nE&#8217; adatto ai bambini dai 6 anni in su.<\/p>\n","protected":false},"featured_media":10091,"template":"","meta":[],"product_brand":[],"product_cat":[413],"product_tag":[87,830,829],"class_list":{"0":"post-10089","1":"product","2":"type-product","3":"status-publish","4":"has-post-thumbnail","6":"product_cat-carlosauri","7":"product_tag-i-carlosauri","8":"product_tag-gioco-da-tavola","9":"product_tag-trial-wood","11":"first","12":"instock","13":"sale","14":"purchasable","15":"product-type-simple"},"yoast_head":"<!-- This site is optimized with the Yoast SEO plugin v26.6 - https:\/\/yoast.com\/wordpress\/plugins\/seo\/ -->\n<title>Trial Wood<\/title>\n<meta name=\"description\" content=\"Componi con Trial Wood il tuo percorso ogni volta diverso. Porta la pallina a destinazione senza farla cadere! E&#039; un gioco di abilit\u00e0 e precisione!\" \/>\n<meta name=\"robots\" content=\"index, follow, max-snippet:-1, max-image-preview:large, max-video-preview:-1\" \/>\n<link rel=\"canonical\" href=\"https:\/\/ilpianetadelleidee.it\/en\/prodotto\/trial-wood-linea-carlosauri-gioco-da-tavola-di-abilita-il-pianeta-delle-idee-100-made-in-italy\/\" \/>\n<meta property=\"og:locale\" content=\"en_GB\" \/>\n<meta property=\"og:locale:alternate\" content=\"it_IT\" \/>\n<meta property=\"og:type\" content=\"article\" \/>\n<meta property=\"og:title\" content=\"Trial Wood\" \/>\n<meta property=\"og:description\" content=\"Componi con Trial Wood il tuo percorso ogni volta diverso. Porta la pallina a destinazione senza farla cadere! E&#039; un gioco di abilit\u00e0 e precisione!\" \/>\n<meta property=\"og:url\" content=\"https:\/\/ilpianetadelleidee.it\/en\/prodotto\/trial-wood-linea-carlosauri-gioco-da-tavola-di-abilita-il-pianeta-delle-idee-100-made-in-italy\/\" \/>\n<meta property=\"og:site_name\" content=\"Il Pianeta delle Idee\" \/>\n<meta property=\"article:modified_time\" content=\"2025-11-18T13:20:42+00:00\" \/>\n<meta property=\"og:image\" content=\"https:\/\/ilpianetadelleidee.it\/wp-content\/uploads\/2023\/03\/TRIAL-WOOD.jpg\" \/>\n\t<meta property=\"og:image:width\" content=\"1200\" \/>\n\t<meta property=\"og:image:height\" content=\"675\" \/>\n\t<meta property=\"og:image:type\" content=\"image\/jpeg\" \/>\n<meta name=\"twitter:card\" content=\"summary_large_image\" \/>\n<meta name=\"twitter:label1\" content=\"Estimated reading time\" \/>\n\t<meta name=\"twitter:data1\" content=\"2 minutes\" \/>\n<script type=\"application\/ld+json\" class=\"yoast-schema-graph\">{\"@context\":\"https:\/\/schema.org\",\"@graph\":[{\"@type\":\"WebPage\",\"@id\":\"https:\/\/ilpianetadelleidee.it\/prodotto\/trial-wood-linea-carlosauri-gioco-da-tavola-di-abilita-il-pianeta-delle-idee-100-made-in-italy\/\",\"url\":\"https:\/\/ilpianetadelleidee.it\/prodotto\/trial-wood-linea-carlosauri-gioco-da-tavola-di-abilita-il-pianeta-delle-idee-100-made-in-italy\/\",\"name\":\"Trial Wood\",\"isPartOf\":{\"@id\":\"https:\/\/ilpianetadelleidee.it\/#website\"},\"primaryImageOfPage\":{\"@id\":\"https:\/\/ilpianetadelleidee.it\/prodotto\/trial-wood-linea-carlosauri-gioco-da-tavola-di-abilita-il-pianeta-delle-idee-100-made-in-italy\/#primaryimage\"},\"image\":{\"@id\":\"https:\/\/ilpianetadelleidee.it\/prodotto\/trial-wood-linea-carlosauri-gioco-da-tavola-di-abilita-il-pianeta-delle-idee-100-made-in-italy\/#primaryimage\"},\"thumbnailUrl\":\"https:\/\/ilpianetadelleidee.it\/wp-content\/uploads\/2023\/03\/TRIAL-WOOD.jpg\",\"datePublished\":\"2023-03-30T10:46:15+00:00\",\"dateModified\":\"2025-11-18T13:20:42+00:00\",\"description\":\"Componi con Trial Wood il tuo percorso ogni volta diverso. Porta la pallina a destinazione senza farla cadere! E' un gioco di abilit\u00e0 e precisione!\",\"breadcrumb\":{\"@id\":\"https:\/\/ilpianetadelleidee.it\/prodotto\/trial-wood-linea-carlosauri-gioco-da-tavola-di-abilita-il-pianeta-delle-idee-100-made-in-italy\/#breadcrumb\"},\"inLanguage\":\"en-GB\",\"potentialAction\":[{\"@type\":\"ReadAction\",\"target\":[\"https:\/\/ilpianetadelleidee.it\/prodotto\/trial-wood-linea-carlosauri-gioco-da-tavola-di-abilita-il-pianeta-delle-idee-100-made-in-italy\/\"]}]},{\"@type\":\"ImageObject\",\"inLanguage\":\"en-GB\",\"@id\":\"https:\/\/ilpianetadelleidee.it\/prodotto\/trial-wood-linea-carlosauri-gioco-da-tavola-di-abilita-il-pianeta-delle-idee-100-made-in-italy\/#primaryimage\",\"url\":\"https:\/\/ilpianetadelleidee.it\/wp-content\/uploads\/2023\/03\/TRIAL-WOOD.jpg\",\"contentUrl\":\"https:\/\/ilpianetadelleidee.it\/wp-content\/uploads\/2023\/03\/TRIAL-WOOD.jpg\",\"width\":1200,\"height\":675,\"caption\":\"Trial wood\"},{\"@type\":\"BreadcrumbList\",\"@id\":\"https:\/\/ilpianetadelleidee.it\/prodotto\/trial-wood-linea-carlosauri-gioco-da-tavola-di-abilita-il-pianeta-delle-idee-100-made-in-italy\/#breadcrumb\",\"itemListElement\":[{\"@type\":\"ListItem\",\"position\":1,\"name\":\"Home\",\"item\":\"https:\/\/ilpianetadelleidee.it\/\"},{\"@type\":\"ListItem\",\"position\":2,\"name\":\"Shop\",\"item\":\"https:\/\/ilpianetadelleidee.it\/en\/negozio\/\"},{\"@type\":\"ListItem\",\"position\":3,\"name\":\"Trial Wood\"}]},{\"@type\":\"WebSite\",\"@id\":\"https:\/\/ilpianetadelleidee.it\/#website\",\"url\":\"https:\/\/ilpianetadelleidee.it\/\",\"name\":\"Il Pianeta delle Idee\",\"description\":\"Un Mondo di Legno e Colori\",\"potentialAction\":[{\"@type\":\"SearchAction\",\"target\":{\"@type\":\"EntryPoint\",\"urlTemplate\":\"https:\/\/ilpianetadelleidee.it\/?s={search_term_string}\"},\"query-input\":{\"@type\":\"PropertyValueSpecification\",\"valueRequired\":true,\"valueName\":\"search_term_string\"}}],\"inLanguage\":\"en-GB\"}]}<\/script>\n<!-- \/ Yoast SEO plugin. -->","yoast_head_json":{"title":"Trial Wood","description":"Componi con Trial Wood il tuo percorso ogni volta diverso. Porta la pallina a destinazione senza farla cadere! E' un gioco di abilit\u00e0 e precisione!","robots":{"index":"index","follow":"follow","max-snippet":"max-snippet:-1","max-image-preview":"max-image-preview:large","max-video-preview":"max-video-preview:-1"},"canonical":"https:\/\/ilpianetadelleidee.it\/en\/prodotto\/trial-wood-linea-carlosauri-gioco-da-tavola-di-abilita-il-pianeta-delle-idee-100-made-in-italy\/","og_locale":"en_GB","og_type":"article","og_title":"[:it]Trial Wood[:] - Il Pianeta delle Idee","og_description":"Componi con Trial Wood il tuo percorso ogni volta diverso. Porta la pallina a destinazione senza farla cadere! E' un gioco di abilit\u00e0 e precisione!","og_url":"https:\/\/ilpianetadelleidee.it\/en\/prodotto\/trial-wood-linea-carlosauri-gioco-da-tavola-di-abilita-il-pianeta-delle-idee-100-made-in-italy\/","og_site_name":"Il Pianeta delle Idee","article_modified_time":"2025-11-18T13:20:42+00:00","og_image":[{"width":1200,"height":675,"url":"https:\/\/ilpianetadelleidee.it\/wp-content\/uploads\/2023\/03\/TRIAL-WOOD.jpg","type":"image\/jpeg"}],"twitter_card":"summary_large_image","twitter_misc":{"Estimated reading time":"2 minutes"},"schema":{"@context":"https:\/\/schema.org","@graph":[{"@type":"WebPage","@id":"https:\/\/ilpianetadelleidee.it\/prodotto\/trial-wood-linea-carlosauri-gioco-da-tavola-di-abilita-il-pianeta-delle-idee-100-made-in-italy\/","url":"https:\/\/ilpianetadelleidee.it\/prodotto\/trial-wood-linea-carlosauri-gioco-da-tavola-di-abilita-il-pianeta-delle-idee-100-made-in-italy\/","name":"Trial Wood","isPartOf":{"@id":"https:\/\/ilpianetadelleidee.it\/#website"},"primaryImageOfPage":{"@id":"https:\/\/ilpianetadelleidee.it\/prodotto\/trial-wood-linea-carlosauri-gioco-da-tavola-di-abilita-il-pianeta-delle-idee-100-made-in-italy\/#primaryimage"},"image":{"@id":"https:\/\/ilpianetadelleidee.it\/prodotto\/trial-wood-linea-carlosauri-gioco-da-tavola-di-abilita-il-pianeta-delle-idee-100-made-in-italy\/#primaryimage"},"thumbnailUrl":"https:\/\/ilpianetadelleidee.it\/wp-content\/uploads\/2023\/03\/TRIAL-WOOD.jpg","datePublished":"2023-03-30T10:46:15+00:00","dateModified":"2025-11-18T13:20:42+00:00","description":"Componi con Trial Wood il tuo percorso ogni volta diverso. Porta la pallina a destinazione senza farla cadere! E' un gioco di abilit\u00e0 e precisione!","breadcrumb":{"@id":"https:\/\/ilpianetadelleidee.it\/prodotto\/trial-wood-linea-carlosauri-gioco-da-tavola-di-abilita-il-pianeta-delle-idee-100-made-in-italy\/#breadcrumb"},"inLanguage":"en-GB","potentialAction":[{"@type":"ReadAction","target":["https:\/\/ilpianetadelleidee.it\/prodotto\/trial-wood-linea-carlosauri-gioco-da-tavola-di-abilita-il-pianeta-delle-idee-100-made-in-italy\/"]}]},{"@type":"ImageObject","inLanguage":"en-GB","@id":"https:\/\/ilpianetadelleidee.it\/prodotto\/trial-wood-linea-carlosauri-gioco-da-tavola-di-abilita-il-pianeta-delle-idee-100-made-in-italy\/#primaryimage","url":"https:\/\/ilpianetadelleidee.it\/wp-content\/uploads\/2023\/03\/TRIAL-WOOD.jpg","contentUrl":"https:\/\/ilpianetadelleidee.it\/wp-content\/uploads\/2023\/03\/TRIAL-WOOD.jpg","width":1200,"height":675,"caption":"Trial wood"},{"@type":"BreadcrumbList","@id":"https:\/\/ilpianetadelleidee.it\/prodotto\/trial-wood-linea-carlosauri-gioco-da-tavola-di-abilita-il-pianeta-delle-idee-100-made-in-italy\/#breadcrumb","itemListElement":[{"@type":"ListItem","position":1,"name":"Home","item":"https:\/\/ilpianetadelleidee.it\/"},{"@type":"ListItem","position":2,"name":"Shop","item":"https:\/\/ilpianetadelleidee.it\/en\/negozio\/"},{"@type":"ListItem","position":3,"name":"Trial Wood"}]},{"@type":"WebSite","@id":"https:\/\/ilpianetadelleidee.it\/#website","url":"https:\/\/ilpianetadelleidee.it\/","name":"Il Pianeta delle Idee","description":"Un Mondo di Legno e Colori","potentialAction":[{"@type":"SearchAction","target":{"@type":"EntryPoint","urlTemplate":"https:\/\/ilpianetadelleidee.it\/?s={search_term_string}"},"query-input":{"@type":"PropertyValueSpecification","valueRequired":true,"valueName":"search_term_string"}}],"inLanguage":"en-GB"}]}},"_links":{"self":[{"href":"https:\/\/ilpianetadelleidee.it\/en\/wp-json\/wp\/v2\/product\/10089","targetHints":{"allow":["GET"]}}],"collection":[{"href":"https:\/\/ilpianetadelleidee.it\/en\/wp-json\/wp\/v2\/product"}],"about":[{"href":"https:\/\/ilpianetadelleidee.it\/en\/wp-json\/wp\/v2\/types\/product"}],"wp:featuredmedia":[{"embeddable":true,"href":"https:\/\/ilpianetadelleidee.it\/en\/wp-json\/wp\/v2\/media\/10091"}],"wp:attachment":[{"href":"https:\/\/ilpianetadelleidee.it\/en\/wp-json\/wp\/v2\/media?parent=10089"}],"wp:term":[{"taxonomy":"product_brand","embeddable":true,"href":"https:\/\/ilpianetadelleidee.it\/en\/wp-json\/wp\/v2\/product_brand?post=10089"},{"taxonomy":"product_cat","embeddable":true,"href":"https:\/\/ilpianetadelleidee.it\/en\/wp-json\/wp\/v2\/product_cat?post=10089"},{"taxonomy":"product_tag","embeddable":true,"href":"https:\/\/ilpianetadelleidee.it\/en\/wp-json\/wp\/v2\/product_tag?post=10089"}],"curies":[{"name":"wp","href":"https:\/\/api.w.org\/{rel}","templated":true}]}}