{"id":3808,"date":"2019-12-12T15:42:19","date_gmt":"2019-12-12T14:42:19","guid":{"rendered":"https:\/\/ilpianetadelleidee.com\/?post_type=product&#038;p=3808"},"modified":"2025-11-18T14:23:08","modified_gmt":"2025-11-18T13:23:08","slug":"quadrisaurus","status":"publish","type":"product","link":"https:\/\/ilpianetadelleidee.it\/en\/prodotto\/quadrisaurus\/","title":{"rendered":"Quadrisaurus"},"content":{"rendered":"<p>The Quadrisaurus is a game invented by Il Pianeta delle Idee and is part of the Carlosauri line.<br \/>\nIt is a game of strategy, concentration and dynamism, which has conquered many players who love board games, such as checkers and chess. It is in fact a game much appreciated by chess players, who have repeatedly animated the chessboard with exciting challenges.<br \/>\nContinuous reversals in the face give life to an always open challenge.<br \/>\nAttention and ingenuity are put to the test, seeing is believing.<\/p>\n<p>Materials: birch wood<\/p>\n<p>Dimensions: cm24x24x2<\/p>\n<p>RULES<br \/>\nIn turn, the players move a pawn of their color horizontally or vertically as many squares as they wish. You can neither vault nor move diagonally.<br \/>\nThe first player to form a square with 4 pieces of their color wins.<\/p>\n<table style=\"border-collapse: collapse; width: 100%;\">\n<tbody>\n<tr>\n<td style=\"width: 17.2059%;\"><strong>Rules<\/strong><\/td>\n<td style=\"width: 82.7941%;\"><a href=\"https:\/\/drive.google.com\/file\/d\/1LVCkB57I-1Sj9EHCanozR9s-RrKzaGUw\/view?usp=sharing\" target=\"_blank\" rel=\"noopener\"><img title=\" \"loading=\"lazy\" decoding=\"async\" class=\"wp-image-7118 alignleft\" src=\"https:\/\/ilpianetadelleidee.it\/wp-content\/uploads\/2019\/12\/Pdf.png\" alt=\" \" width=\"98\" height=\"97\" data-wp-editing=\"1\" \/><\/a><\/td>\n<\/tr>\n<\/tbody>\n<\/table>\n<p>&nbsp;<\/p>","protected":false},"excerpt":{"rendered":"<p><em><strong><span style=\"color: #339966;\">Il Quadrisaurus<\/span> <\/strong><\/em>\u00e8 un gioco inventato dal Pianeta delle idee e fa parte della linea dei <em><span style=\"color: #339966;\"><a style=\"color: #339966;\" href=\"https:\/\/ilpianetadelleidee.it\/categoria-prodotto\/carlosauri\/\">Carlosauri<\/a><\/span><\/em>.<br \/>\nE&#8217; un gioco di strategia, concentrazione e dinamicit\u00e0 che ha conquistato moltissimi giocatori amanti dei giochi da tavolo.<br \/>\n<span style=\"color: #339966;\"><em><strong>Pi\u00f9 facile degli scacchi, pi\u00f9 divertente della dama<\/strong><\/em><\/span>. Continui capovolgimenti di fronte danno vita ad una sfida sempre aperta.<\/p>\n<p>E&#8217; infatti un gioco molto apprezzato dagli scacchisti, che hanno pi\u00f9 volte animato la scacchiera con sfide avvincenti.<\/p>\n<p>L\u2019attenzione e l\u2019ingegno sono messi a dura prova, provare per credere.<\/p>\n<p>Materiali: legno di betulla<\/p>\n<p><a href=\"https:\/\/drive.google.com\/drive\/my-drive\"><span style=\"color: #339966;\"><em><strong>REGOLAMENTO<\/strong><\/em><\/span><\/a><br \/>\nA turno i giocatori muovono una pedina del loro colore in orizzontale o in verticale di quante caselle desiderano. Non si pu\u00f2 n\u00e9 scavalcare n\u00e9 muovere in diagonale.<br \/>\nVince chi per primo riesce a formare un quadrato con 4 pedine del proprio colore.<\/p>\n","protected":false},"featured_media":3810,"template":"","meta":[],"product_brand":[],"product_cat":[413],"product_tag":[91,551,95],"class_list":{"0":"post-3808","1":"product","2":"type-product","3":"status-publish","4":"has-post-thumbnail","6":"product_cat-carlosauri","7":"product_tag-carlosauri","8":"product_tag-giocare","9":"product_tag-quadrisaurus","11":"first","12":"instock","13":"purchasable","14":"product-type-simple"},"yoast_head":"<!-- This site is optimized with the Yoast SEO plugin v26.6 - https:\/\/yoast.com\/wordpress\/plugins\/seo\/ -->\n<title>Quadrisaurus<\/title>\n<meta name=\"description\" content=\"Il Quadrisaurus \u00e8 un gioco originale inventato dal Pianeta delle Idee. 100% Made in Italy creato con energia solare e legni certificati.\" \/>\n<meta name=\"robots\" content=\"index, follow, max-snippet:-1, max-image-preview:large, max-video-preview:-1\" \/>\n<link rel=\"canonical\" href=\"https:\/\/ilpianetadelleidee.it\/en\/prodotto\/quadrisaurus\/\" \/>\n<meta property=\"og:locale\" content=\"en_GB\" \/>\n<meta property=\"og:locale:alternate\" content=\"it_IT\" \/>\n<meta property=\"og:type\" content=\"article\" \/>\n<meta property=\"og:title\" content=\"Quadrisaurus\" \/>\n<meta property=\"og:description\" content=\"Il Quadrisaurus \u00e8 un gioco originale inventato dal Pianeta delle Idee. 100% Made in Italy creato con energia solare e legni certificati.\" \/>\n<meta property=\"og:url\" content=\"https:\/\/ilpianetadelleidee.it\/en\/prodotto\/quadrisaurus\/\" \/>\n<meta property=\"og:site_name\" content=\"Il Pianeta delle Idee\" \/>\n<meta property=\"article:modified_time\" content=\"2025-11-18T13:23:08+00:00\" \/>\n<meta property=\"og:image\" content=\"https:\/\/ilpianetadelleidee.it\/wp-content\/uploads\/2019\/12\/Quadrisaurus.jpg\" \/>\n\t<meta property=\"og:image:width\" content=\"1200\" \/>\n\t<meta property=\"og:image:height\" content=\"1200\" \/>\n\t<meta property=\"og:image:type\" content=\"image\/jpeg\" \/>\n<meta name=\"twitter:card\" content=\"summary_large_image\" \/>\n<meta name=\"twitter:label1\" content=\"Estimated reading time\" \/>\n\t<meta name=\"twitter:data1\" content=\"1 minute\" \/>\n<script type=\"application\/ld+json\" class=\"yoast-schema-graph\">{\"@context\":\"https:\/\/schema.org\",\"@graph\":[{\"@type\":\"WebPage\",\"@id\":\"https:\/\/ilpianetadelleidee.it\/prodotto\/quadrisaurus\/\",\"url\":\"https:\/\/ilpianetadelleidee.it\/prodotto\/quadrisaurus\/\",\"name\":\"Quadrisaurus\",\"isPartOf\":{\"@id\":\"https:\/\/ilpianetadelleidee.it\/#website\"},\"primaryImageOfPage\":{\"@id\":\"https:\/\/ilpianetadelleidee.it\/prodotto\/quadrisaurus\/#primaryimage\"},\"image\":{\"@id\":\"https:\/\/ilpianetadelleidee.it\/prodotto\/quadrisaurus\/#primaryimage\"},\"thumbnailUrl\":\"https:\/\/ilpianetadelleidee.it\/wp-content\/uploads\/2019\/12\/Quadrisaurus.jpg\",\"datePublished\":\"2019-12-12T14:42:19+00:00\",\"dateModified\":\"2025-11-18T13:23:08+00:00\",\"description\":\"Il Quadrisaurus \u00e8 un gioco originale inventato dal Pianeta delle Idee. 100% Made in Italy creato con energia solare e legni certificati.\",\"breadcrumb\":{\"@id\":\"https:\/\/ilpianetadelleidee.it\/prodotto\/quadrisaurus\/#breadcrumb\"},\"inLanguage\":\"en-GB\",\"potentialAction\":[{\"@type\":\"ReadAction\",\"target\":[\"https:\/\/ilpianetadelleidee.it\/prodotto\/quadrisaurus\/\"]}]},{\"@type\":\"ImageObject\",\"inLanguage\":\"en-GB\",\"@id\":\"https:\/\/ilpianetadelleidee.it\/prodotto\/quadrisaurus\/#primaryimage\",\"url\":\"https:\/\/ilpianetadelleidee.it\/wp-content\/uploads\/2019\/12\/Quadrisaurus.jpg\",\"contentUrl\":\"https:\/\/ilpianetadelleidee.it\/wp-content\/uploads\/2019\/12\/Quadrisaurus.jpg\",\"width\":1200,\"height\":1200,\"caption\":\"Quadrisaurus - I Carlo sauri - Il Pianeta delle Idee\"},{\"@type\":\"BreadcrumbList\",\"@id\":\"https:\/\/ilpianetadelleidee.it\/prodotto\/quadrisaurus\/#breadcrumb\",\"itemListElement\":[{\"@type\":\"ListItem\",\"position\":1,\"name\":\"Home\",\"item\":\"https:\/\/ilpianetadelleidee.it\/\"},{\"@type\":\"ListItem\",\"position\":2,\"name\":\"Shop\",\"item\":\"https:\/\/ilpianetadelleidee.it\/en\/negozio\/\"},{\"@type\":\"ListItem\",\"position\":3,\"name\":\"Quadrisaurus\"}]},{\"@type\":\"WebSite\",\"@id\":\"https:\/\/ilpianetadelleidee.it\/#website\",\"url\":\"https:\/\/ilpianetadelleidee.it\/\",\"name\":\"Il Pianeta delle Idee\",\"description\":\"Un Mondo di Legno e Colori\",\"potentialAction\":[{\"@type\":\"SearchAction\",\"target\":{\"@type\":\"EntryPoint\",\"urlTemplate\":\"https:\/\/ilpianetadelleidee.it\/?s={search_term_string}\"},\"query-input\":{\"@type\":\"PropertyValueSpecification\",\"valueRequired\":true,\"valueName\":\"search_term_string\"}}],\"inLanguage\":\"en-GB\"}]}<\/script>\n<!-- \/ Yoast SEO plugin. -->","yoast_head_json":{"title":"Quadrisaurus","description":"Il Quadrisaurus \u00e8 un gioco originale inventato dal Pianeta delle Idee. 100% Made in Italy creato con energia solare e legni certificati.","robots":{"index":"index","follow":"follow","max-snippet":"max-snippet:-1","max-image-preview":"max-image-preview:large","max-video-preview":"max-video-preview:-1"},"canonical":"https:\/\/ilpianetadelleidee.it\/en\/prodotto\/quadrisaurus\/","og_locale":"en_GB","og_type":"article","og_title":"[:en]Quadrisaurus[:it]Quadrisaurus[:] - Il Pianeta delle Idee","og_description":"Il Quadrisaurus \u00e8 un gioco originale inventato dal Pianeta delle Idee. 100% Made in Italy creato con energia solare e legni certificati.","og_url":"https:\/\/ilpianetadelleidee.it\/en\/prodotto\/quadrisaurus\/","og_site_name":"Il Pianeta delle Idee","article_modified_time":"2025-11-18T13:23:08+00:00","og_image":[{"width":1200,"height":1200,"url":"https:\/\/ilpianetadelleidee.it\/wp-content\/uploads\/2019\/12\/Quadrisaurus.jpg","type":"image\/jpeg"}],"twitter_card":"summary_large_image","twitter_misc":{"Estimated reading time":"1 minute"},"schema":{"@context":"https:\/\/schema.org","@graph":[{"@type":"WebPage","@id":"https:\/\/ilpianetadelleidee.it\/prodotto\/quadrisaurus\/","url":"https:\/\/ilpianetadelleidee.it\/prodotto\/quadrisaurus\/","name":"Quadrisaurus","isPartOf":{"@id":"https:\/\/ilpianetadelleidee.it\/#website"},"primaryImageOfPage":{"@id":"https:\/\/ilpianetadelleidee.it\/prodotto\/quadrisaurus\/#primaryimage"},"image":{"@id":"https:\/\/ilpianetadelleidee.it\/prodotto\/quadrisaurus\/#primaryimage"},"thumbnailUrl":"https:\/\/ilpianetadelleidee.it\/wp-content\/uploads\/2019\/12\/Quadrisaurus.jpg","datePublished":"2019-12-12T14:42:19+00:00","dateModified":"2025-11-18T13:23:08+00:00","description":"Il Quadrisaurus \u00e8 un gioco originale inventato dal Pianeta delle Idee. 100% Made in Italy creato con energia solare e legni certificati.","breadcrumb":{"@id":"https:\/\/ilpianetadelleidee.it\/prodotto\/quadrisaurus\/#breadcrumb"},"inLanguage":"en-GB","potentialAction":[{"@type":"ReadAction","target":["https:\/\/ilpianetadelleidee.it\/prodotto\/quadrisaurus\/"]}]},{"@type":"ImageObject","inLanguage":"en-GB","@id":"https:\/\/ilpianetadelleidee.it\/prodotto\/quadrisaurus\/#primaryimage","url":"https:\/\/ilpianetadelleidee.it\/wp-content\/uploads\/2019\/12\/Quadrisaurus.jpg","contentUrl":"https:\/\/ilpianetadelleidee.it\/wp-content\/uploads\/2019\/12\/Quadrisaurus.jpg","width":1200,"height":1200,"caption":"Quadrisaurus - I Carlo sauri - Il Pianeta delle Idee"},{"@type":"BreadcrumbList","@id":"https:\/\/ilpianetadelleidee.it\/prodotto\/quadrisaurus\/#breadcrumb","itemListElement":[{"@type":"ListItem","position":1,"name":"Home","item":"https:\/\/ilpianetadelleidee.it\/"},{"@type":"ListItem","position":2,"name":"Shop","item":"https:\/\/ilpianetadelleidee.it\/en\/negozio\/"},{"@type":"ListItem","position":3,"name":"Quadrisaurus"}]},{"@type":"WebSite","@id":"https:\/\/ilpianetadelleidee.it\/#website","url":"https:\/\/ilpianetadelleidee.it\/","name":"Il Pianeta delle Idee","description":"Un Mondo di Legno e Colori","potentialAction":[{"@type":"SearchAction","target":{"@type":"EntryPoint","urlTemplate":"https:\/\/ilpianetadelleidee.it\/?s={search_term_string}"},"query-input":{"@type":"PropertyValueSpecification","valueRequired":true,"valueName":"search_term_string"}}],"inLanguage":"en-GB"}]}},"_links":{"self":[{"href":"https:\/\/ilpianetadelleidee.it\/en\/wp-json\/wp\/v2\/product\/3808","targetHints":{"allow":["GET"]}}],"collection":[{"href":"https:\/\/ilpianetadelleidee.it\/en\/wp-json\/wp\/v2\/product"}],"about":[{"href":"https:\/\/ilpianetadelleidee.it\/en\/wp-json\/wp\/v2\/types\/product"}],"wp:featuredmedia":[{"embeddable":true,"href":"https:\/\/ilpianetadelleidee.it\/en\/wp-json\/wp\/v2\/media\/3810"}],"wp:attachment":[{"href":"https:\/\/ilpianetadelleidee.it\/en\/wp-json\/wp\/v2\/media?parent=3808"}],"wp:term":[{"taxonomy":"product_brand","embeddable":true,"href":"https:\/\/ilpianetadelleidee.it\/en\/wp-json\/wp\/v2\/product_brand?post=3808"},{"taxonomy":"product_cat","embeddable":true,"href":"https:\/\/ilpianetadelleidee.it\/en\/wp-json\/wp\/v2\/product_cat?post=3808"},{"taxonomy":"product_tag","embeddable":true,"href":"https:\/\/ilpianetadelleidee.it\/en\/wp-json\/wp\/v2\/product_tag?post=3808"}],"curies":[{"name":"wp","href":"https:\/\/api.w.org\/{rel}","templated":true}]}}