{"id":3811,"date":"2019-12-12T15:47:35","date_gmt":"2019-12-12T14:47:35","guid":{"rendered":"https:\/\/ilpianetadelleidee.com\/?post_type=product&#038;p=3811"},"modified":"2025-11-18T14:23:01","modified_gmt":"2025-11-18T13:23:01","slug":"torre-dei-riflessi","status":"publish","type":"product","link":"https:\/\/ilpianetadelleidee.it\/en\/prodotto\/torre-dei-riflessi\/","title":{"rendered":"Tower of Reflexes"},"content":{"rendered":"<p>The Tower of Reflexes is a game invented by Il Pianeta delle Idee and is part of the Carlosauri line.<br \/>\nIt&#8217;s an electrifying game of reflexes. Calculation speed and movement precision will lead you to success. It is an exciting challenge with no age limits.<br \/>\nIt is an intergenerational game, where the grandson can challenge his grandfather as equals (and usually the grandson wins).<br \/>\nWidely used in modern teaching, it stimulates calculation skills and arithmetic notions.<br \/>\nGame to play 1 on 1.<\/p>\n<p>Assembly: simple and fast by following the instructions.<\/p>\n<p>Materials: beech wood.<\/p>\n<p>Dimensions: cm15x15x35<\/p>\n<p>RULES<br \/>\nPlayers take turns rolling the dice on the top pine of the tower. (If one of the competitors does not see the container clearly, it can be disassembled and placed in a position visible to all).<br \/>\nThe winner is the first to complete the sum of the two dice and to remove the corresponding pin in the tower, before the opponent.<br \/>\nYou can play one-off matches or get to complete several rounds, you decide.<\/p>\n<table style=\"border-collapse: collapse; width: 100%;\">\n<tbody>\n<tr>\n<td style=\"width: 17.2059%;\"><strong>Rules<\/strong><\/td>\n<td style=\"width: 82.7941%;\"><a href=\"https:\/\/drive.google.com\/file\/d\/1_1afm0MTEstuFh27Bt2CZilnidxryhEA\/view?usp=sharing\" target=\"_blank\" rel=\"noopener\"><img title=\" \"loading=\"lazy\" decoding=\"async\" class=\"wp-image-7118 alignleft\" src=\"https:\/\/ilpianetadelleidee.it\/wp-content\/uploads\/2019\/12\/Pdf.png\" alt=\" \" width=\"98\" height=\"97\" data-wp-editing=\"1\" \/><\/a><\/td>\n<\/tr>\n<\/tbody>\n<\/table>\n<p>&nbsp;<\/p>","protected":false},"excerpt":{"rendered":"<p><span style=\"color: #339966;\"><em><strong>La Torre dei Riflessi<\/strong> <\/em><\/span>\u00e8 un gioco di rapidit\u00e0 di calcolo, velocit\u00e0 e precisione.<br \/>\nInventato dal Pianeta delle idee e fa parte della linea dei <span style=\"color: #339966;\"><a style=\"color: #339966;\" href=\"https:\/\/ilpianetadelleidee.it\/categoria-prodotto\/carlosauri\/\">Carlosauri.<\/a><\/span><\/p>\n<p><span style=\"color: #339966;\"><em><strong>E&#8217; un gioco intergenerazionale<\/strong><\/em><\/span>, dove il nipote pu\u00f2 sfidare alla pari il nonno (e di solito vince il nipote).<br \/>\nMolto utilizzato nella didattica moderna, stimola le capacit\u00e0 di calcolo e le nozioni di aritmetica.<br \/>\nGioco da fare 1 contro 1.<\/p>\n<p><span style=\"color: #339966;\"><em><strong>E&#8217; un elettrizzante gioco di riflessi.<\/strong><\/em><\/span> Velocit\u00e0 di calcolo e precisione nei movimenti vi condurranno al successo. E\u2019 una sfida avvincente senza limiti di et\u00e0.<\/p>\n<p>Montaggio: semplice e veloce seguendo le istruzioni. Materiali: legno di faggio.<\/p>\n<p><a href=\"https:\/\/drive.google.com\/file\/d\/1_1afm0MTEstuFh27Bt2CZilnidxryhEA\/view?usp=sharing\"><span style=\"color: #339966;\"><em><strong>REGOLAMENTO<\/strong><\/em><\/span><\/a><br \/>\nA turno i gicatori tirano i dadi sul piano superiore della torre. (Se uno dei concorrenti non vede bene il contenitore, quest&#8217;ultimo si pu\u00f2 smontare e mettere in posizione visibile per tutti).<br \/>\nVince chi riesce per primo a compiere la somma dei due dadi e a sfilare il perno corrispondente nella torre, prima dell&#8217;avversario.<br \/>\nSi possono fare partite secche o arrivare a compiere diverse manches, decidetelo voi.<\/p>\n","protected":false},"featured_media":3812,"template":"","meta":[],"product_brand":[],"product_cat":[413],"product_tag":[91,551,97],"class_list":{"0":"post-3811","1":"product","2":"type-product","3":"status-publish","4":"has-post-thumbnail","6":"product_cat-carlosauri","7":"product_tag-carlosauri","8":"product_tag-giocare","9":"product_tag-torre-dei-riflessi","11":"first","12":"instock","13":"sale","14":"purchasable","15":"product-type-simple"},"yoast_head":"<!-- This site is optimized with the Yoast SEO plugin v27.5 - https:\/\/yoast.com\/product\/yoast-seo-wordpress\/ -->\n<title>Tower of Reflexes<\/title>\n<meta name=\"description\" content=\"La torre dei riflessi \u00e8 un gioco di velocit\u00e0 di calcolo e precisione. Fatto in Italia con energia solare e legni certificati. Fai una scelta resposanbile.\" \/>\n<meta name=\"robots\" content=\"index, follow, max-snippet:-1, max-image-preview:large, max-video-preview:-1\" \/>\n<link rel=\"canonical\" href=\"https:\/\/ilpianetadelleidee.it\/en\/prodotto\/torre-dei-riflessi\/\" \/>\n<meta property=\"og:locale\" content=\"en_GB\" \/>\n<meta property=\"og:locale:alternate\" content=\"it_IT\" \/>\n<meta property=\"og:type\" content=\"article\" \/>\n<meta property=\"og:title\" content=\"Tower of Reflexes\" \/>\n<meta property=\"og:description\" content=\"La torre dei riflessi \u00e8 un gioco di velocit\u00e0 di calcolo e precisione. Fatto in Italia con energia solare e legni certificati. Fai una scelta resposanbile.\" \/>\n<meta property=\"og:url\" content=\"https:\/\/ilpianetadelleidee.it\/en\/prodotto\/torre-dei-riflessi\/\" \/>\n<meta property=\"og:site_name\" content=\"Il Pianeta delle Idee\" \/>\n<meta property=\"article:modified_time\" content=\"2025-11-18T13:23:01+00:00\" \/>\n<meta property=\"og:image\" content=\"https:\/\/ilpianetadelleidee.it\/wp-content\/uploads\/2019\/12\/Giochi_040.jpg\" \/>\n\t<meta property=\"og:image:width\" content=\"1200\" \/>\n\t<meta property=\"og:image:height\" content=\"800\" \/>\n\t<meta property=\"og:image:type\" content=\"image\/jpeg\" \/>\n<meta name=\"twitter:card\" content=\"summary_large_image\" \/>\n<meta name=\"twitter:label1\" content=\"Estimated reading time\" \/>\n\t<meta name=\"twitter:data1\" content=\"1 minute\" \/>\n<script type=\"application\/ld+json\" class=\"yoast-schema-graph\">{\"@context\":\"https:\\\/\\\/schema.org\",\"@graph\":[{\"@type\":\"WebPage\",\"@id\":\"https:\\\/\\\/ilpianetadelleidee.it\\\/prodotto\\\/torre-dei-riflessi\\\/\",\"url\":\"https:\\\/\\\/ilpianetadelleidee.it\\\/prodotto\\\/torre-dei-riflessi\\\/\",\"name\":\"Tower of Reflexes\",\"isPartOf\":{\"@id\":\"https:\\\/\\\/ilpianetadelleidee.it\\\/#website\"},\"primaryImageOfPage\":{\"@id\":\"https:\\\/\\\/ilpianetadelleidee.it\\\/prodotto\\\/torre-dei-riflessi\\\/#primaryimage\"},\"image\":{\"@id\":\"https:\\\/\\\/ilpianetadelleidee.it\\\/prodotto\\\/torre-dei-riflessi\\\/#primaryimage\"},\"thumbnailUrl\":\"https:\\\/\\\/ilpianetadelleidee.it\\\/wp-content\\\/uploads\\\/2019\\\/12\\\/Giochi_040.jpg\",\"datePublished\":\"2019-12-12T14:47:35+00:00\",\"dateModified\":\"2025-11-18T13:23:01+00:00\",\"description\":\"La torre dei riflessi \u00e8 un gioco di velocit\u00e0 di calcolo e precisione. Fatto in Italia con energia solare e legni certificati. Fai una scelta resposanbile.\",\"breadcrumb\":{\"@id\":\"https:\\\/\\\/ilpianetadelleidee.it\\\/prodotto\\\/torre-dei-riflessi\\\/#breadcrumb\"},\"inLanguage\":\"en-GB\",\"potentialAction\":[{\"@type\":\"ReadAction\",\"target\":[\"https:\\\/\\\/ilpianetadelleidee.it\\\/prodotto\\\/torre-dei-riflessi\\\/\"]}]},{\"@type\":\"ImageObject\",\"inLanguage\":\"en-GB\",\"@id\":\"https:\\\/\\\/ilpianetadelleidee.it\\\/prodotto\\\/torre-dei-riflessi\\\/#primaryimage\",\"url\":\"https:\\\/\\\/ilpianetadelleidee.it\\\/wp-content\\\/uploads\\\/2019\\\/12\\\/Giochi_040.jpg\",\"contentUrl\":\"https:\\\/\\\/ilpianetadelleidee.it\\\/wp-content\\\/uploads\\\/2019\\\/12\\\/Giochi_040.jpg\",\"width\":1200,\"height\":800,\"caption\":\"La Torre dei riflessi I Carlosauri Il Pianeta delle Idee\"},{\"@type\":\"BreadcrumbList\",\"@id\":\"https:\\\/\\\/ilpianetadelleidee.it\\\/prodotto\\\/torre-dei-riflessi\\\/#breadcrumb\",\"itemListElement\":[{\"@type\":\"ListItem\",\"position\":1,\"name\":\"Home\",\"item\":\"https:\\\/\\\/ilpianetadelleidee.it\\\/\"},{\"@type\":\"ListItem\",\"position\":2,\"name\":\"Shop\",\"item\":\"https:\\\/\\\/ilpianetadelleidee.it\\\/en\\\/negozio\\\/\"},{\"@type\":\"ListItem\",\"position\":3,\"name\":\"Torre dei riflessi\"}]},{\"@type\":\"WebSite\",\"@id\":\"https:\\\/\\\/ilpianetadelleidee.it\\\/#website\",\"url\":\"https:\\\/\\\/ilpianetadelleidee.it\\\/\",\"name\":\"Il Pianeta delle Idee\",\"description\":\"Un Mondo di Legno e Colori\",\"potentialAction\":[{\"@type\":\"SearchAction\",\"target\":{\"@type\":\"EntryPoint\",\"urlTemplate\":\"https:\\\/\\\/ilpianetadelleidee.it\\\/?s={search_term_string}\"},\"query-input\":{\"@type\":\"PropertyValueSpecification\",\"valueRequired\":true,\"valueName\":\"search_term_string\"}}],\"inLanguage\":\"en-GB\"}]}<\/script>\n<!-- \/ Yoast SEO plugin. -->","yoast_head_json":{"title":"Tower of Reflexes","description":"La torre dei riflessi \u00e8 un gioco di velocit\u00e0 di calcolo e precisione. Fatto in Italia con energia solare e legni certificati. Fai una scelta resposanbile.","robots":{"index":"index","follow":"follow","max-snippet":"max-snippet:-1","max-image-preview":"max-image-preview:large","max-video-preview":"max-video-preview:-1"},"canonical":"https:\/\/ilpianetadelleidee.it\/en\/prodotto\/torre-dei-riflessi\/","og_locale":"en_GB","og_type":"article","og_title":"[:en]Tower of Reflexes[:it]Torre dei riflessi[:] - Il Pianeta delle Idee","og_description":"La torre dei riflessi \u00e8 un gioco di velocit\u00e0 di calcolo e precisione. Fatto in Italia con energia solare e legni certificati. Fai una scelta resposanbile.","og_url":"https:\/\/ilpianetadelleidee.it\/en\/prodotto\/torre-dei-riflessi\/","og_site_name":"Il Pianeta delle Idee","article_modified_time":"2025-11-18T13:23:01+00:00","og_image":[{"width":1200,"height":800,"url":"https:\/\/ilpianetadelleidee.it\/wp-content\/uploads\/2019\/12\/Giochi_040.jpg","type":"image\/jpeg"}],"twitter_card":"summary_large_image","twitter_misc":{"Estimated reading time":"1 minute"},"schema":{"@context":"https:\/\/schema.org","@graph":[{"@type":"WebPage","@id":"https:\/\/ilpianetadelleidee.it\/prodotto\/torre-dei-riflessi\/","url":"https:\/\/ilpianetadelleidee.it\/prodotto\/torre-dei-riflessi\/","name":"Tower of Reflexes","isPartOf":{"@id":"https:\/\/ilpianetadelleidee.it\/#website"},"primaryImageOfPage":{"@id":"https:\/\/ilpianetadelleidee.it\/prodotto\/torre-dei-riflessi\/#primaryimage"},"image":{"@id":"https:\/\/ilpianetadelleidee.it\/prodotto\/torre-dei-riflessi\/#primaryimage"},"thumbnailUrl":"https:\/\/ilpianetadelleidee.it\/wp-content\/uploads\/2019\/12\/Giochi_040.jpg","datePublished":"2019-12-12T14:47:35+00:00","dateModified":"2025-11-18T13:23:01+00:00","description":"La torre dei riflessi \u00e8 un gioco di velocit\u00e0 di calcolo e precisione. Fatto in Italia con energia solare e legni certificati. Fai una scelta resposanbile.","breadcrumb":{"@id":"https:\/\/ilpianetadelleidee.it\/prodotto\/torre-dei-riflessi\/#breadcrumb"},"inLanguage":"en-GB","potentialAction":[{"@type":"ReadAction","target":["https:\/\/ilpianetadelleidee.it\/prodotto\/torre-dei-riflessi\/"]}]},{"@type":"ImageObject","inLanguage":"en-GB","@id":"https:\/\/ilpianetadelleidee.it\/prodotto\/torre-dei-riflessi\/#primaryimage","url":"https:\/\/ilpianetadelleidee.it\/wp-content\/uploads\/2019\/12\/Giochi_040.jpg","contentUrl":"https:\/\/ilpianetadelleidee.it\/wp-content\/uploads\/2019\/12\/Giochi_040.jpg","width":1200,"height":800,"caption":"La Torre dei riflessi I Carlosauri Il Pianeta delle Idee"},{"@type":"BreadcrumbList","@id":"https:\/\/ilpianetadelleidee.it\/prodotto\/torre-dei-riflessi\/#breadcrumb","itemListElement":[{"@type":"ListItem","position":1,"name":"Home","item":"https:\/\/ilpianetadelleidee.it\/"},{"@type":"ListItem","position":2,"name":"Shop","item":"https:\/\/ilpianetadelleidee.it\/en\/negozio\/"},{"@type":"ListItem","position":3,"name":"Torre dei riflessi"}]},{"@type":"WebSite","@id":"https:\/\/ilpianetadelleidee.it\/#website","url":"https:\/\/ilpianetadelleidee.it\/","name":"Il Pianeta delle Idee","description":"Un Mondo di Legno e Colori","potentialAction":[{"@type":"SearchAction","target":{"@type":"EntryPoint","urlTemplate":"https:\/\/ilpianetadelleidee.it\/?s={search_term_string}"},"query-input":{"@type":"PropertyValueSpecification","valueRequired":true,"valueName":"search_term_string"}}],"inLanguage":"en-GB"}]}},"_links":{"self":[{"href":"https:\/\/ilpianetadelleidee.it\/en\/wp-json\/wp\/v2\/product\/3811","targetHints":{"allow":["GET"]}}],"collection":[{"href":"https:\/\/ilpianetadelleidee.it\/en\/wp-json\/wp\/v2\/product"}],"about":[{"href":"https:\/\/ilpianetadelleidee.it\/en\/wp-json\/wp\/v2\/types\/product"}],"wp:featuredmedia":[{"embeddable":true,"href":"https:\/\/ilpianetadelleidee.it\/en\/wp-json\/wp\/v2\/media\/3812"}],"wp:attachment":[{"href":"https:\/\/ilpianetadelleidee.it\/en\/wp-json\/wp\/v2\/media?parent=3811"}],"wp:term":[{"taxonomy":"product_brand","embeddable":true,"href":"https:\/\/ilpianetadelleidee.it\/en\/wp-json\/wp\/v2\/product_brand?post=3811"},{"taxonomy":"product_cat","embeddable":true,"href":"https:\/\/ilpianetadelleidee.it\/en\/wp-json\/wp\/v2\/product_cat?post=3811"},{"taxonomy":"product_tag","embeddable":true,"href":"https:\/\/ilpianetadelleidee.it\/en\/wp-json\/wp\/v2\/product_tag?post=3811"}],"curies":[{"name":"wp","href":"https:\/\/api.w.org\/{rel}","templated":true}]}}