{"id":5146,"date":"2020-02-19T16:20:01","date_gmt":"2020-02-19T15:20:01","guid":{"rendered":"https:\/\/ilpianetadelleidee.it\/?post_type=product&#038;p=5146"},"modified":"2025-11-18T14:21:58","modified_gmt":"2025-11-18T13:21:58","slug":"terrazze-cenozoiche","status":"publish","type":"product","link":"https:\/\/ilpianetadelleidee.it\/en\/prodotto\/terrazze-cenozoiche\/","title":{"rendered":"Cenozoic Balcony"},"content":{"rendered":"<p>A beautiful and addictive 1 on 1 game.<br \/>\nIn this game made of strategy, calculation skills and overview, the winner is whoever manages to line up 4 cubes of the same color first.<br \/>\nCenozoic Balcony is a game that will surprise you with the simplicity of its rules and the complexity of its development.<br \/>\nHave fun challenging your friends and organizing tournaments.<\/p>\n<p>Material: Maple, Birch, Beech and Walnut<\/p>\n<p>Dimensions: cm40x18x32<\/p>\n<p>RULES<br \/>\nEach player has 32 cubes of the same color. The aim of the game is to be the first to form a poker of 4 cubes of the same color on a terrace.<br \/>\nThe players take turns inserting a cube, the game can only be entered on the sides of the terraces of the upper floor.<br \/>\nTerraces can hold up to 4 cubes. When you want to insert a fifth cube, the last cube on the opposite side automatically slides into the lower terrace indicated by the arrow.<\/p>\n<table style=\"border-collapse: collapse;width: 100%\">\n<tbody>\n<tr>\n<td style=\"width: 17.2059%\"><strong>Rules<\/strong><\/td>\n<td style=\"width: 82.7941%\"><a href=\"https:\/\/drive.google.com\/file\/d\/1DR2XbD0GcuujV0tSjE_Gjhy5aV-lKTXC\/view?usp=sharing\" target=\"_blank\" rel=\"noopener\"><img title=\" \"loading=\"lazy\" decoding=\"async\" class=\"wp-image-7118 alignleft\" src=\"https:\/\/ilpianetadelleidee.it\/wp-content\/uploads\/2019\/12\/Pdf.png\" alt=\" \" width=\"98\" height=\"97\" data-wp-editing=\"1\" \/><\/a><\/td>\n<\/tr>\n<\/tbody>\n<\/table>\n<p>&nbsp;<\/p>","protected":false},"excerpt":{"rendered":"<p><span style=\"color: #339966;\"><em><strong>Le Terrazze Cenozoiche<\/strong><\/em><\/span> sono un gioco che vi sorprender\u00e0 per la semplicit\u00e0 delle sue regole e la complessit\u00e0 del suo sviluppo.<br \/>\nDivertitevi a sfidare i vostri amici e ad organizzare tornei.<br \/>\nUn gioco bellissimo ed avvincente 1 contro 1.<br \/>\nIn questo gioco fatto di strategia, capacit\u00e0 di calcolo e visione d&#8217;insieme, vince chi per primo riesce ad allineare 4 cubi dello stesso colore.<\/p>\n<p>Materiale: Acero, Betulla, Faggio e Noce<\/p>\n<p><a href=\"https:\/\/drive.google.com\/file\/d\/1DR2XbD0GcuujV0tSjE_Gjhy5aV-lKTXC\/view?usp=sharing\"><span style=\"color: #339966;\"><em><strong>REGOLAMENTO<\/strong><\/em><\/span><\/a><br \/>\nOgni giocatore ha 32 cubi dello stesso colore. Scopo del gioco \u00e8 formare per primi un poker di 4 cubi dello stesso colore in una terrazza.<br \/>\nI giocatori a turno inseriscono un cubo, si pu\u00f2 entrare nel gioco solo ai lati delle terrazze del piano superiore.<br \/>\nLe terrazze possono contenere un massimo di 4 cubi. Quando si vuole inerire un quinto cubo, automaticamente l&#8217;ultimo cubo dal lato opposto scivola nella terrazza inferiore indicata dalla freccia.<\/p>\n","protected":false},"featured_media":5147,"template":"","meta":[],"product_brand":[],"product_cat":[413],"product_tag":[91,561,551],"class_list":{"0":"post-5146","1":"product","2":"type-product","3":"status-publish","4":"has-post-thumbnail","6":"product_cat-carlosauri","7":"product_tag-carlosauri","8":"product_tag-terrazze-cenozoiche","9":"product_tag-giocare","11":"first","12":"instock","13":"sale","14":"purchasable","15":"product-type-simple"},"yoast_head":"<!-- This site is optimized with the Yoast SEO plugin v26.6 - https:\/\/yoast.com\/wordpress\/plugins\/seo\/ -->\n<title>Cenozoic Balcony<\/title>\n<meta name=\"description\" content=\"Gioco di strategia 1 contro 1. vince chi riesce ad allineare per primo 4 cubi dello stesso colore. Gioco 100% Made in italy inventato da noi.\" \/>\n<meta name=\"robots\" content=\"index, follow, max-snippet:-1, max-image-preview:large, max-video-preview:-1\" \/>\n<link rel=\"canonical\" href=\"https:\/\/ilpianetadelleidee.it\/en\/prodotto\/terrazze-cenozoiche\/\" \/>\n<meta property=\"og:locale\" content=\"en_GB\" \/>\n<meta property=\"og:locale:alternate\" content=\"it_IT\" \/>\n<meta property=\"og:type\" content=\"article\" \/>\n<meta property=\"og:title\" content=\"Cenozoic Balcony\" \/>\n<meta property=\"og:description\" content=\"Gioco di strategia 1 contro 1. vince chi riesce ad allineare per primo 4 cubi dello stesso colore. Gioco 100% Made in italy inventato da noi.\" \/>\n<meta property=\"og:url\" content=\"https:\/\/ilpianetadelleidee.it\/en\/prodotto\/terrazze-cenozoiche\/\" \/>\n<meta property=\"og:site_name\" content=\"Il Pianeta delle Idee\" \/>\n<meta property=\"article:modified_time\" content=\"2025-11-18T13:21:58+00:00\" \/>\n<meta property=\"og:image\" content=\"https:\/\/ilpianetadelleidee.it\/wp-content\/uploads\/2020\/02\/terrazze-cenozoiche.jpg\" \/>\n\t<meta property=\"og:image:width\" content=\"1200\" \/>\n\t<meta property=\"og:image:height\" content=\"866\" \/>\n\t<meta property=\"og:image:type\" content=\"image\/jpeg\" \/>\n<meta name=\"twitter:card\" content=\"summary_large_image\" \/>\n<meta name=\"twitter:label1\" content=\"Estimated reading time\" \/>\n\t<meta name=\"twitter:data1\" content=\"1 minute\" \/>\n<script type=\"application\/ld+json\" class=\"yoast-schema-graph\">{\"@context\":\"https:\/\/schema.org\",\"@graph\":[{\"@type\":\"WebPage\",\"@id\":\"https:\/\/ilpianetadelleidee.it\/prodotto\/terrazze-cenozoiche\/\",\"url\":\"https:\/\/ilpianetadelleidee.it\/prodotto\/terrazze-cenozoiche\/\",\"name\":\"Cenozoic Balcony\",\"isPartOf\":{\"@id\":\"https:\/\/ilpianetadelleidee.it\/#website\"},\"primaryImageOfPage\":{\"@id\":\"https:\/\/ilpianetadelleidee.it\/prodotto\/terrazze-cenozoiche\/#primaryimage\"},\"image\":{\"@id\":\"https:\/\/ilpianetadelleidee.it\/prodotto\/terrazze-cenozoiche\/#primaryimage\"},\"thumbnailUrl\":\"https:\/\/ilpianetadelleidee.it\/wp-content\/uploads\/2020\/02\/terrazze-cenozoiche.jpg\",\"datePublished\":\"2020-02-19T15:20:01+00:00\",\"dateModified\":\"2025-11-18T13:21:58+00:00\",\"description\":\"Gioco di strategia 1 contro 1. vince chi riesce ad allineare per primo 4 cubi dello stesso colore. Gioco 100% Made in italy inventato da noi.\",\"breadcrumb\":{\"@id\":\"https:\/\/ilpianetadelleidee.it\/prodotto\/terrazze-cenozoiche\/#breadcrumb\"},\"inLanguage\":\"en-GB\",\"potentialAction\":[{\"@type\":\"ReadAction\",\"target\":[\"https:\/\/ilpianetadelleidee.it\/prodotto\/terrazze-cenozoiche\/\"]}]},{\"@type\":\"ImageObject\",\"inLanguage\":\"en-GB\",\"@id\":\"https:\/\/ilpianetadelleidee.it\/prodotto\/terrazze-cenozoiche\/#primaryimage\",\"url\":\"https:\/\/ilpianetadelleidee.it\/wp-content\/uploads\/2020\/02\/terrazze-cenozoiche.jpg\",\"contentUrl\":\"https:\/\/ilpianetadelleidee.it\/wp-content\/uploads\/2020\/02\/terrazze-cenozoiche.jpg\",\"width\":1200,\"height\":866,\"caption\":\"Terrazze cenozoiche - Il Pianeta delle Idee\"},{\"@type\":\"BreadcrumbList\",\"@id\":\"https:\/\/ilpianetadelleidee.it\/prodotto\/terrazze-cenozoiche\/#breadcrumb\",\"itemListElement\":[{\"@type\":\"ListItem\",\"position\":1,\"name\":\"Home\",\"item\":\"https:\/\/ilpianetadelleidee.it\/\"},{\"@type\":\"ListItem\",\"position\":2,\"name\":\"Shop\",\"item\":\"https:\/\/ilpianetadelleidee.it\/en\/negozio\/\"},{\"@type\":\"ListItem\",\"position\":3,\"name\":\"Terrazze Cenozoiche\"}]},{\"@type\":\"WebSite\",\"@id\":\"https:\/\/ilpianetadelleidee.it\/#website\",\"url\":\"https:\/\/ilpianetadelleidee.it\/\",\"name\":\"Il Pianeta delle Idee\",\"description\":\"Un Mondo di Legno e Colori\",\"potentialAction\":[{\"@type\":\"SearchAction\",\"target\":{\"@type\":\"EntryPoint\",\"urlTemplate\":\"https:\/\/ilpianetadelleidee.it\/?s={search_term_string}\"},\"query-input\":{\"@type\":\"PropertyValueSpecification\",\"valueRequired\":true,\"valueName\":\"search_term_string\"}}],\"inLanguage\":\"en-GB\"}]}<\/script>\n<!-- \/ Yoast SEO plugin. -->","yoast_head_json":{"title":"Cenozoic Balcony","description":"Gioco di strategia 1 contro 1. vince chi riesce ad allineare per primo 4 cubi dello stesso colore. Gioco 100% Made in italy inventato da noi.","robots":{"index":"index","follow":"follow","max-snippet":"max-snippet:-1","max-image-preview":"max-image-preview:large","max-video-preview":"max-video-preview:-1"},"canonical":"https:\/\/ilpianetadelleidee.it\/en\/prodotto\/terrazze-cenozoiche\/","og_locale":"en_GB","og_type":"article","og_title":"[:en]Cenozoic Balcony[:it]Terrazze Cenozoiche[:] - Il Pianeta delle Idee","og_description":"Gioco di strategia 1 contro 1. vince chi riesce ad allineare per primo 4 cubi dello stesso colore. Gioco 100% Made in italy inventato da noi.","og_url":"https:\/\/ilpianetadelleidee.it\/en\/prodotto\/terrazze-cenozoiche\/","og_site_name":"Il Pianeta delle Idee","article_modified_time":"2025-11-18T13:21:58+00:00","og_image":[{"width":1200,"height":866,"url":"https:\/\/ilpianetadelleidee.it\/wp-content\/uploads\/2020\/02\/terrazze-cenozoiche.jpg","type":"image\/jpeg"}],"twitter_card":"summary_large_image","twitter_misc":{"Estimated reading time":"1 minute"},"schema":{"@context":"https:\/\/schema.org","@graph":[{"@type":"WebPage","@id":"https:\/\/ilpianetadelleidee.it\/prodotto\/terrazze-cenozoiche\/","url":"https:\/\/ilpianetadelleidee.it\/prodotto\/terrazze-cenozoiche\/","name":"Cenozoic Balcony","isPartOf":{"@id":"https:\/\/ilpianetadelleidee.it\/#website"},"primaryImageOfPage":{"@id":"https:\/\/ilpianetadelleidee.it\/prodotto\/terrazze-cenozoiche\/#primaryimage"},"image":{"@id":"https:\/\/ilpianetadelleidee.it\/prodotto\/terrazze-cenozoiche\/#primaryimage"},"thumbnailUrl":"https:\/\/ilpianetadelleidee.it\/wp-content\/uploads\/2020\/02\/terrazze-cenozoiche.jpg","datePublished":"2020-02-19T15:20:01+00:00","dateModified":"2025-11-18T13:21:58+00:00","description":"Gioco di strategia 1 contro 1. vince chi riesce ad allineare per primo 4 cubi dello stesso colore. Gioco 100% Made in italy inventato da noi.","breadcrumb":{"@id":"https:\/\/ilpianetadelleidee.it\/prodotto\/terrazze-cenozoiche\/#breadcrumb"},"inLanguage":"en-GB","potentialAction":[{"@type":"ReadAction","target":["https:\/\/ilpianetadelleidee.it\/prodotto\/terrazze-cenozoiche\/"]}]},{"@type":"ImageObject","inLanguage":"en-GB","@id":"https:\/\/ilpianetadelleidee.it\/prodotto\/terrazze-cenozoiche\/#primaryimage","url":"https:\/\/ilpianetadelleidee.it\/wp-content\/uploads\/2020\/02\/terrazze-cenozoiche.jpg","contentUrl":"https:\/\/ilpianetadelleidee.it\/wp-content\/uploads\/2020\/02\/terrazze-cenozoiche.jpg","width":1200,"height":866,"caption":"Terrazze cenozoiche - Il Pianeta delle Idee"},{"@type":"BreadcrumbList","@id":"https:\/\/ilpianetadelleidee.it\/prodotto\/terrazze-cenozoiche\/#breadcrumb","itemListElement":[{"@type":"ListItem","position":1,"name":"Home","item":"https:\/\/ilpianetadelleidee.it\/"},{"@type":"ListItem","position":2,"name":"Shop","item":"https:\/\/ilpianetadelleidee.it\/en\/negozio\/"},{"@type":"ListItem","position":3,"name":"Terrazze Cenozoiche"}]},{"@type":"WebSite","@id":"https:\/\/ilpianetadelleidee.it\/#website","url":"https:\/\/ilpianetadelleidee.it\/","name":"Il Pianeta delle Idee","description":"Un Mondo di Legno e Colori","potentialAction":[{"@type":"SearchAction","target":{"@type":"EntryPoint","urlTemplate":"https:\/\/ilpianetadelleidee.it\/?s={search_term_string}"},"query-input":{"@type":"PropertyValueSpecification","valueRequired":true,"valueName":"search_term_string"}}],"inLanguage":"en-GB"}]}},"_links":{"self":[{"href":"https:\/\/ilpianetadelleidee.it\/en\/wp-json\/wp\/v2\/product\/5146","targetHints":{"allow":["GET"]}}],"collection":[{"href":"https:\/\/ilpianetadelleidee.it\/en\/wp-json\/wp\/v2\/product"}],"about":[{"href":"https:\/\/ilpianetadelleidee.it\/en\/wp-json\/wp\/v2\/types\/product"}],"wp:featuredmedia":[{"embeddable":true,"href":"https:\/\/ilpianetadelleidee.it\/en\/wp-json\/wp\/v2\/media\/5147"}],"wp:attachment":[{"href":"https:\/\/ilpianetadelleidee.it\/en\/wp-json\/wp\/v2\/media?parent=5146"}],"wp:term":[{"taxonomy":"product_brand","embeddable":true,"href":"https:\/\/ilpianetadelleidee.it\/en\/wp-json\/wp\/v2\/product_brand?post=5146"},{"taxonomy":"product_cat","embeddable":true,"href":"https:\/\/ilpianetadelleidee.it\/en\/wp-json\/wp\/v2\/product_cat?post=5146"},{"taxonomy":"product_tag","embeddable":true,"href":"https:\/\/ilpianetadelleidee.it\/en\/wp-json\/wp\/v2\/product_tag?post=5146"}],"curies":[{"name":"wp","href":"https:\/\/api.w.org\/{rel}","templated":true}]}}