{"id":8349,"date":"2022-02-27T13:11:15","date_gmt":"2022-02-27T12:11:15","guid":{"rendered":"https:\/\/ilpianetadelleidee.it\/?post_type=product&#038;p=8349"},"modified":"2025-10-24T14:22:08","modified_gmt":"2025-10-24T13:22:08","slug":"banco-smile-montessori","status":"publish","type":"product","link":"https:\/\/ilpianetadelleidee.it\/en\/prodotto\/banco-smile-montessori\/","title":{"rendered":"Banco Smile &#8211; Montessori"},"content":{"rendered":"<div class=\"wpb-content-wrapper\"><p>[vc_row][vc_column][vc_column_text woodmart_inline=&#8221;no&#8221; text_larger=&#8221;no&#8221;]<span style=\"color: #339966;\"><strong><em>0 Co2 in atmosfera<\/em><\/strong>!<\/span> Il banco smile Montessori \u00e8 <span style=\"color: #339966;\"><strong><em>biocompatibile<\/em><\/strong><\/span>, perch\u00e9 prodotto solo con energia solare, vernici atossiche e con legno certificato FSC.<\/p>\n<p><strong><em><span style=\"color: #339966;\">Ergonomico e portatile<\/span>.<\/em> <\/strong>Il sorriso presente sul banco smile \u00e8 una maniglia ergonomica a misura di bambino che gli permette di muovere in autonomia il banco senza l\u2019aiuto dei genitori. Coerentemente con i principi dell\u2019insegnamento montessoriano il bambino potr\u00e0 cos\u00ec organizzare il proprio spazio di gioco e di apprendimento, acquistando fiducia nei propri movimenti e nelle proprie capacit\u00e0.<\/p>\n<p><span style=\"color: #339966;\"><strong><em>Robustezza e leggerezza<\/em>.<\/strong><\/span> Abbiamo creato due strutture laterali che fanno poggiare il banco su una ampia superficie, rendendolo stabile e sicuro. Questa struttura da solidit\u00e0 pur non superando i 4 kili di peso. E\u2018 anche semplice da montare: le pareti laterali funzionano con un incastro facile da comporre, ed hanno poche viti. Un cacciavite sar\u00e0 sufficiente per montarlo.<\/p>\n<p><span style=\"color: #339966;\"><strong><em>Design<\/em><\/strong> <strong><em>e sicurezza.<\/em><\/strong><\/span> Diamo spazio al legno e alle sue caratteristiche. Le tipiche venature della betulla sono il complemento di arredo ideale per creare ambienti di gioco e di studio allegri e sereni. Il piano pu\u00f2 essere di diversi colori, ognuno con i suoi temi che richiamano il regno animale, oppure naturale.<br \/>\nTutti gli angoli e i bordi sono stondati per evitare al bambino qualsiasi tipo di infortunio.<\/p>\n<p><span style=\"color: #339966;\"><strong><em>Superfici lavabili. <\/em><\/strong><\/span>Abbiamo trattato i banchi smile con una vernice ad acqua trasparente e lavabile, in maniera da poter pulire il piano con i pi\u00f9 comuni prodotti detergenti e un panno morbido. I bambini potranno disegnare anche sulla superficie del banco senza lasciare tracce indelebili.<\/p>\n<p>Il banco smile Montessori \u00e8 naturalmente abbinato alla sua poltrona Montessori. Si pu\u00f2 scegliere un unico stile o combinare i diversi colori. Per scoprire le Poltrone Smile Montessori <a href=\"https:\/\/ilpianetadelleidee.it\/prodotto\/poltrona-smile-montessori\/\">cliccate qui<\/a>.<\/p>\n<p>Per sapere di pi\u00f9 sulla catena di custodia del legno FSC consultate questo<a href=\"https:\/\/it.fsc.org\/it-it\"> Link<\/a>.[\/vc_column_text][\/vc_column][\/vc_row]<\/p>\n<\/div>","protected":false},"excerpt":{"rendered":"<p><strong><em><span style=\"color: #339966;\">Solidit\u00e0 e resistenza a misura di bimbo<\/span>.<\/em><\/strong><\/p>\n<p>Il Banco Smile della linea <span style=\"color: #339966;\"><strong>Wood for Kids<\/strong><\/span> \u00e8 un piano di lavoro ispirato ai principi di Maria Montessori.<br \/>\n\u00c8 adatto per i bambini a partire dai 12 mesi che abbiano sviluppato le necessarie capacit\u00e0 motorie.<br \/>\nCon il banco Smile il bambino \u00e8 incoraggiato ad avere iniziativa propria, muovendosi in uno spazio sicuro ed alla sua portata.<\/p>\n<p>\u00c8<span style=\"color: #339966;\"> <strong><em>fatto a mano in Italia<\/em><\/strong><\/span> nel nostro laboratorio in <span style=\"color: #339966;\"><strong><em>Umbria<\/em>.<\/strong><\/span><\/p>\n","protected":false},"featured_media":0,"template":"","meta":[],"product_brand":[],"product_cat":[677,814],"product_tag":[772,761,773,769,671,760],"class_list":{"0":"post-8349","1":"product","2":"type-product","3":"status-publish","5":"product_cat-arredare","6":"product_cat-allegri-animali-arredo","7":"product_tag-banco","8":"product_tag-arredamento","9":"product_tag-montessori","10":"product_tag-smile","11":"product_tag-tavolo","12":"product_tag-wood-for-kids","13":"pa_modelli-montessori-bosco","14":"pa_modelli-montessori-cosmo","15":"pa_modelli-montessori-fiaba","16":"pa_modelli-montessori-naturale","18":"first","19":"instock","20":"purchasable","21":"product-type-variable"},"yoast_head":"<!-- This site is optimized with the Yoast SEO plugin v27.5 - https:\/\/yoast.com\/product\/yoast-seo-wordpress\/ -->\n<title>Banco Smile - Montessori<\/title>\n<meta name=\"robots\" content=\"index, follow, max-snippet:-1, max-image-preview:large, max-video-preview:-1\" \/>\n<link rel=\"canonical\" href=\"https:\/\/ilpianetadelleidee.it\/en\/prodotto\/banco-smile-montessori\/\" \/>\n<meta property=\"og:locale\" content=\"en_GB\" \/>\n<meta property=\"og:locale:alternate\" content=\"it_IT\" \/>\n<meta property=\"og:type\" content=\"article\" \/>\n<meta property=\"og:title\" content=\"Banco Smile - Montessori\" \/>\n<meta property=\"og:description\" content=\"Solidit\u00e0 e resistenza a misura di bimbo.  Il Banco Smile della linea Wood for Kids \u00e8 un piano di lavoro ispirato ai principi di Maria Montessori. \u00c8 adatto per i bambini a partire dai 12 mesi che abbiano sviluppato le necessarie capacit\u00e0 motorie. Con il banco Smile il bambino \u00e8 incoraggiato ad avere iniziativa propria, muovendosi in uno spazio sicuro ed alla sua portata.  \u00c8 fatto a mano in Italia nel nostro laboratorio in Umbria.\" \/>\n<meta property=\"og:url\" content=\"https:\/\/ilpianetadelleidee.it\/en\/prodotto\/banco-smile-montessori\/\" \/>\n<meta property=\"og:site_name\" content=\"Il Pianeta delle Idee\" \/>\n<meta property=\"article:modified_time\" content=\"2025-10-24T13:22:08+00:00\" \/>\n<meta property=\"og:image\" content=\"https:\/\/ilpianetadelleidee.it\/wp-content\/uploads\/2022\/02\/PianetaIdee_Consegna014-1.jpg\" \/>\n\t<meta property=\"og:image:width\" content=\"1200\" \/>\n\t<meta property=\"og:image:height\" content=\"800\" \/>\n\t<meta property=\"og:image:type\" content=\"image\/jpeg\" \/>\n<meta name=\"twitter:card\" content=\"summary_large_image\" \/>\n<meta name=\"twitter:label1\" content=\"Estimated reading time\" \/>\n\t<meta name=\"twitter:data1\" content=\"2 minutes\" \/>\n<script type=\"application\/ld+json\" class=\"yoast-schema-graph\">{\"@context\":\"https:\\\/\\\/schema.org\",\"@graph\":[{\"@type\":\"WebPage\",\"@id\":\"https:\\\/\\\/ilpianetadelleidee.it\\\/prodotto\\\/banco-smile-montessori\\\/\",\"url\":\"https:\\\/\\\/ilpianetadelleidee.it\\\/prodotto\\\/banco-smile-montessori\\\/\",\"name\":\"Banco Smile - Montessori\",\"isPartOf\":{\"@id\":\"https:\\\/\\\/ilpianetadelleidee.it\\\/#website\"},\"datePublished\":\"2022-02-27T12:11:15+00:00\",\"dateModified\":\"2025-10-24T13:22:08+00:00\",\"breadcrumb\":{\"@id\":\"https:\\\/\\\/ilpianetadelleidee.it\\\/prodotto\\\/banco-smile-montessori\\\/#breadcrumb\"},\"inLanguage\":\"en-GB\",\"potentialAction\":[{\"@type\":\"ReadAction\",\"target\":[\"https:\\\/\\\/ilpianetadelleidee.it\\\/prodotto\\\/banco-smile-montessori\\\/\"]}]},{\"@type\":\"BreadcrumbList\",\"@id\":\"https:\\\/\\\/ilpianetadelleidee.it\\\/prodotto\\\/banco-smile-montessori\\\/#breadcrumb\",\"itemListElement\":[{\"@type\":\"ListItem\",\"position\":1,\"name\":\"Home\",\"item\":\"https:\\\/\\\/ilpianetadelleidee.it\\\/\"},{\"@type\":\"ListItem\",\"position\":2,\"name\":\"Shop\",\"item\":\"https:\\\/\\\/ilpianetadelleidee.it\\\/en\\\/negozio\\\/\"},{\"@type\":\"ListItem\",\"position\":3,\"name\":\"Banco Smile &#8211; Montessori\"}]},{\"@type\":\"WebSite\",\"@id\":\"https:\\\/\\\/ilpianetadelleidee.it\\\/#website\",\"url\":\"https:\\\/\\\/ilpianetadelleidee.it\\\/\",\"name\":\"Il Pianeta delle Idee\",\"description\":\"Un Mondo di Legno e Colori\",\"potentialAction\":[{\"@type\":\"SearchAction\",\"target\":{\"@type\":\"EntryPoint\",\"urlTemplate\":\"https:\\\/\\\/ilpianetadelleidee.it\\\/?s={search_term_string}\"},\"query-input\":{\"@type\":\"PropertyValueSpecification\",\"valueRequired\":true,\"valueName\":\"search_term_string\"}}],\"inLanguage\":\"en-GB\"}]}<\/script>\n<!-- \/ Yoast SEO plugin. -->","yoast_head_json":{"title":"Banco Smile - Montessori","robots":{"index":"index","follow":"follow","max-snippet":"max-snippet:-1","max-image-preview":"max-image-preview:large","max-video-preview":"max-video-preview:-1"},"canonical":"https:\/\/ilpianetadelleidee.it\/en\/prodotto\/banco-smile-montessori\/","og_locale":"en_GB","og_type":"article","og_title":"[:it]Banco Smile - Montessori[:] - Il Pianeta delle Idee","og_description":"Solidit\u00e0 e resistenza a misura di bimbo.  Il Banco Smile della linea Wood for Kids \u00e8 un piano di lavoro ispirato ai principi di Maria Montessori. \u00c8 adatto per i bambini a partire dai 12 mesi che abbiano sviluppato le necessarie capacit\u00e0 motorie. Con il banco Smile il bambino \u00e8 incoraggiato ad avere iniziativa propria, muovendosi in uno spazio sicuro ed alla sua portata.  \u00c8 fatto a mano in Italia nel nostro laboratorio in Umbria.","og_url":"https:\/\/ilpianetadelleidee.it\/en\/prodotto\/banco-smile-montessori\/","og_site_name":"Il Pianeta delle Idee","article_modified_time":"2025-10-24T13:22:08+00:00","og_image":[{"width":1200,"height":800,"url":"https:\/\/ilpianetadelleidee.it\/wp-content\/uploads\/2022\/02\/PianetaIdee_Consegna014-1.jpg","type":"image\/jpeg"}],"twitter_card":"summary_large_image","twitter_misc":{"Estimated reading time":"2 minutes"},"schema":{"@context":"https:\/\/schema.org","@graph":[{"@type":"WebPage","@id":"https:\/\/ilpianetadelleidee.it\/prodotto\/banco-smile-montessori\/","url":"https:\/\/ilpianetadelleidee.it\/prodotto\/banco-smile-montessori\/","name":"Banco Smile - Montessori","isPartOf":{"@id":"https:\/\/ilpianetadelleidee.it\/#website"},"datePublished":"2022-02-27T12:11:15+00:00","dateModified":"2025-10-24T13:22:08+00:00","breadcrumb":{"@id":"https:\/\/ilpianetadelleidee.it\/prodotto\/banco-smile-montessori\/#breadcrumb"},"inLanguage":"en-GB","potentialAction":[{"@type":"ReadAction","target":["https:\/\/ilpianetadelleidee.it\/prodotto\/banco-smile-montessori\/"]}]},{"@type":"BreadcrumbList","@id":"https:\/\/ilpianetadelleidee.it\/prodotto\/banco-smile-montessori\/#breadcrumb","itemListElement":[{"@type":"ListItem","position":1,"name":"Home","item":"https:\/\/ilpianetadelleidee.it\/"},{"@type":"ListItem","position":2,"name":"Shop","item":"https:\/\/ilpianetadelleidee.it\/en\/negozio\/"},{"@type":"ListItem","position":3,"name":"Banco Smile &#8211; Montessori"}]},{"@type":"WebSite","@id":"https:\/\/ilpianetadelleidee.it\/#website","url":"https:\/\/ilpianetadelleidee.it\/","name":"Il Pianeta delle Idee","description":"Un Mondo di Legno e Colori","potentialAction":[{"@type":"SearchAction","target":{"@type":"EntryPoint","urlTemplate":"https:\/\/ilpianetadelleidee.it\/?s={search_term_string}"},"query-input":{"@type":"PropertyValueSpecification","valueRequired":true,"valueName":"search_term_string"}}],"inLanguage":"en-GB"}]}},"_links":{"self":[{"href":"https:\/\/ilpianetadelleidee.it\/en\/wp-json\/wp\/v2\/product\/8349","targetHints":{"allow":["GET"]}}],"collection":[{"href":"https:\/\/ilpianetadelleidee.it\/en\/wp-json\/wp\/v2\/product"}],"about":[{"href":"https:\/\/ilpianetadelleidee.it\/en\/wp-json\/wp\/v2\/types\/product"}],"wp:attachment":[{"href":"https:\/\/ilpianetadelleidee.it\/en\/wp-json\/wp\/v2\/media?parent=8349"}],"wp:term":[{"taxonomy":"product_brand","embeddable":true,"href":"https:\/\/ilpianetadelleidee.it\/en\/wp-json\/wp\/v2\/product_brand?post=8349"},{"taxonomy":"product_cat","embeddable":true,"href":"https:\/\/ilpianetadelleidee.it\/en\/wp-json\/wp\/v2\/product_cat?post=8349"},{"taxonomy":"product_tag","embeddable":true,"href":"https:\/\/ilpianetadelleidee.it\/en\/wp-json\/wp\/v2\/product_tag?post=8349"}],"curies":[{"name":"wp","href":"https:\/\/api.w.org\/{rel}","templated":true}]}}