{"id":8355,"date":"2022-02-27T16:19:07","date_gmt":"2022-02-27T15:19:07","guid":{"rendered":"https:\/\/ilpianetadelleidee.it\/?post_type=product&#038;p=8355"},"modified":"2025-10-24T14:22:07","modified_gmt":"2025-10-24T13:22:07","slug":"poltrona-smile-montessori","status":"publish","type":"product","link":"https:\/\/ilpianetadelleidee.it\/en\/prodotto\/poltrona-smile-montessori\/","title":{"rendered":"Poltrona Smile &#8211; Montessori"},"content":{"rendered":"<div class=\"wpb-content-wrapper\"><p>[vc_row][vc_column][vc_column_text woodmart_inline=&#8221;no&#8221; text_larger=&#8221;no&#8221;]<span style=\"color: #339966;\"><strong><em>0 Co2 in atmosfera<\/em><\/strong>!<\/span> La poltrona smile Montessori \u00e8 <span style=\"color: #339966;\"><strong><em>biocompatibile<\/em><\/strong><\/span>, perch\u00e9 prodotta solo con energia solare, vernici atossiche e con legno certificato FSC.<\/p>\n<p><span style=\"color: #339966;\"><strong><em>Ergonomica e portatile.<\/em> <\/strong><\/span>I sorrisi presenti sulla poltrona smile sono maniglie ergonomiche a misura di bambino che gli permettono di muovere in autonomia la poltrona senza l\u2019aiuto dei genitori. Coerentemente con i principi dell\u2019insegnamento montessoriano il bambino potr\u00e0 cos\u00ec organizzare il proprio spazio di gioco e di apprendimento, acquistando fiducia nei propri movimenti e nelle proprie capacit\u00e0.<\/p>\n<p><span style=\"color: #339966;\"><strong><em>Robustezza e leggerezza<\/em><\/strong>.<\/span> Abbiamo creato due strutture laterali che fanno poggiare la poltrona su una ampia superficie, rendendola stabile e sicura. Questa struttura da solidit\u00e0 pur non superando i 3 kili di peso. E\u2018 anche semplice da montare: le pareti laterali funzionano con un incastro facile da comporre, ed hanno poche viti. Un cacciavite sar\u00e0 sufficiente per montarlo.<\/p>\n<p><span style=\"color: #339966;\"><strong><em>Design<\/em><\/strong> <strong><em>e sicurezza.<\/em><\/strong><\/span> Diamo spazio al legno e alle sue caratteristiche. Le tipiche venature della betulla sono il complemento di arredo ideale per creare ambienti di gioco e di studio allegri e sereni. Lo schienale pu\u00f2 essere di diversi colori, ognuno con i suoi temi che richiamano il regno animale, oppure naturale.<br \/>\nTutti gli angoli e i bordi sono stondati per evitare al bambino qualsiasi tipo di infortunio.<\/p>\n<p><span style=\"color: #339966;\"><strong><em>Superfici lavabili. <\/em><\/strong><\/span>Abbiamo trattato le poltrone smile Montessori con una vernice ad acqua trasparente e lavabile, in maniera da poter pulire il piano con i pi\u00f9 comuni prodotti detergenti e un panno morbido. I bambini potranno disegnare anche sulla superficie della poltrona senza lasciare tracce indelebili.<\/p>\n<p>La poltrona Smile Montessori \u00e8 naturalmente abbinata al suo banco. Si pu\u00f2 scegliere un unico stile o combinare i diversi colori. Per scoprire i Banchi Smile Montessori <a href=\"https:\/\/ilpianetadelleidee.it\/prodotto\/banco-smile-montessori\/\">cliccate qui<\/a>.<\/p>\n<p>Per sapere di pi\u00f9 sulla catena di custodia del legno FSC consultate questo<a href=\"https:\/\/it.fsc.org\/it-it\"> Link<\/a>.[\/vc_column_text][\/vc_column][\/vc_row]<\/p>\n<\/div>","protected":false},"excerpt":{"rendered":"<p><em><strong><span style=\"color: #339966;\">La poltrona che cresce con il bambino.<\/span><\/strong><\/em><\/p>\n<p>La poltrona Smile della linea <span style=\"color: #339966;\"><strong>Wood for Kids<\/strong><\/span> presenta 3 diverse modalit\u00e0 di utilizzo: seduta bassa, seduta alta e piano di lavoro. \u00c8 una seduta ispirata ai principi di Maria Montessori.<br \/>\n\u00c8 adatta per i bambini a partire dai 12 mesi che abbiano sviluppato le necessarie capacit\u00e0 motorie.<br \/>\nCon la Poltrona Smile il bambino \u00e8 incoraggiato ad avere iniziativa propria, muovendosi in uno spazio sicuro ed alla sua portata.<\/p>\n<p>\u00c8 <span style=\"color: #339966;\"><strong><em>fatta a mano in Italia<\/em><\/strong><\/span> nel nostro laboratorio in <span style=\"color: #339966;\"><strong><em>Umbria<\/em><\/strong>.<\/span><\/p>\n","protected":false},"featured_media":0,"template":"","meta":[],"product_brand":[],"product_cat":[677,814],"product_tag":[774,768,761,773,769,760],"class_list":{"0":"post-8355","1":"product","2":"type-product","3":"status-publish","5":"product_cat-arredare","6":"product_cat-allegri-animali-arredo","7":"product_tag-poltrona","8":"product_tag-sedia","9":"product_tag-arredamento","10":"product_tag-montessori","11":"product_tag-smile","12":"product_tag-wood-for-kids","13":"pa_modelli-montessori-bosco","14":"pa_modelli-montessori-cosmo","15":"pa_modelli-montessori-fiaba","16":"pa_modelli-montessori-naturale","18":"first","19":"instock","20":"purchasable","21":"product-type-variable"},"yoast_head":"<!-- This site is optimized with the Yoast SEO plugin v26.6 - https:\/\/yoast.com\/wordpress\/plugins\/seo\/ -->\n<title>Poltrona Smile - Montessori<\/title>\n<meta name=\"robots\" content=\"index, follow, max-snippet:-1, max-image-preview:large, max-video-preview:-1\" \/>\n<link rel=\"canonical\" href=\"https:\/\/ilpianetadelleidee.it\/en\/prodotto\/poltrona-smile-montessori\/\" \/>\n<meta property=\"og:locale\" content=\"en_GB\" \/>\n<meta property=\"og:locale:alternate\" content=\"it_IT\" \/>\n<meta property=\"og:type\" content=\"article\" \/>\n<meta property=\"og:title\" content=\"Poltrona Smile - Montessori\" \/>\n<meta property=\"og:description\" content=\"La poltrona che cresce con il bambino.  La poltrona Smile della linea Wood for Kids presenta 3 diverse modalit\u00e0 di utilizzo: seduta bassa, seduta alta e piano di lavoro. \u00c8 una seduta ispirata ai principi di Maria Montessori. \u00c8 adatta per i bambini a partire dai 12 mesi che abbiano sviluppato le necessarie capacit\u00e0 motorie. Con la Poltrona Smile il bambino \u00e8 incoraggiato ad avere iniziativa propria, muovendosi in uno spazio sicuro ed alla sua portata.  \u00c8 fatta a mano in Italia nel nostro laboratorio in Umbria.\" \/>\n<meta property=\"og:url\" content=\"https:\/\/ilpianetadelleidee.it\/en\/prodotto\/poltrona-smile-montessori\/\" \/>\n<meta property=\"og:site_name\" content=\"Il Pianeta delle Idee\" \/>\n<meta property=\"article:modified_time\" content=\"2025-10-24T13:22:07+00:00\" \/>\n<meta property=\"og:image\" content=\"https:\/\/ilpianetadelleidee.it\/wp-content\/uploads\/2022\/02\/PianetaIdee_Consegna024-1.jpg\" \/>\n\t<meta property=\"og:image:width\" content=\"1200\" \/>\n\t<meta property=\"og:image:height\" content=\"800\" \/>\n\t<meta property=\"og:image:type\" content=\"image\/jpeg\" \/>\n<meta name=\"twitter:card\" content=\"summary_large_image\" \/>\n<meta name=\"twitter:label1\" content=\"Estimated reading time\" \/>\n\t<meta name=\"twitter:data1\" content=\"2 minutes\" \/>\n<script type=\"application\/ld+json\" class=\"yoast-schema-graph\">{\"@context\":\"https:\/\/schema.org\",\"@graph\":[{\"@type\":\"WebPage\",\"@id\":\"https:\/\/ilpianetadelleidee.it\/prodotto\/poltrona-smile-montessori\/\",\"url\":\"https:\/\/ilpianetadelleidee.it\/prodotto\/poltrona-smile-montessori\/\",\"name\":\"Poltrona Smile - Montessori\",\"isPartOf\":{\"@id\":\"https:\/\/ilpianetadelleidee.it\/#website\"},\"datePublished\":\"2022-02-27T15:19:07+00:00\",\"dateModified\":\"2025-10-24T13:22:07+00:00\",\"breadcrumb\":{\"@id\":\"https:\/\/ilpianetadelleidee.it\/prodotto\/poltrona-smile-montessori\/#breadcrumb\"},\"inLanguage\":\"en-GB\",\"potentialAction\":[{\"@type\":\"ReadAction\",\"target\":[\"https:\/\/ilpianetadelleidee.it\/prodotto\/poltrona-smile-montessori\/\"]}]},{\"@type\":\"BreadcrumbList\",\"@id\":\"https:\/\/ilpianetadelleidee.it\/prodotto\/poltrona-smile-montessori\/#breadcrumb\",\"itemListElement\":[{\"@type\":\"ListItem\",\"position\":1,\"name\":\"Home\",\"item\":\"https:\/\/ilpianetadelleidee.it\/\"},{\"@type\":\"ListItem\",\"position\":2,\"name\":\"Shop\",\"item\":\"https:\/\/ilpianetadelleidee.it\/en\/negozio\/\"},{\"@type\":\"ListItem\",\"position\":3,\"name\":\"Poltrona Smile &#8211; Montessori\"}]},{\"@type\":\"WebSite\",\"@id\":\"https:\/\/ilpianetadelleidee.it\/#website\",\"url\":\"https:\/\/ilpianetadelleidee.it\/\",\"name\":\"Il Pianeta delle Idee\",\"description\":\"Un Mondo di Legno e Colori\",\"potentialAction\":[{\"@type\":\"SearchAction\",\"target\":{\"@type\":\"EntryPoint\",\"urlTemplate\":\"https:\/\/ilpianetadelleidee.it\/?s={search_term_string}\"},\"query-input\":{\"@type\":\"PropertyValueSpecification\",\"valueRequired\":true,\"valueName\":\"search_term_string\"}}],\"inLanguage\":\"en-GB\"}]}<\/script>\n<!-- \/ Yoast SEO plugin. -->","yoast_head_json":{"title":"Poltrona Smile - Montessori","robots":{"index":"index","follow":"follow","max-snippet":"max-snippet:-1","max-image-preview":"max-image-preview:large","max-video-preview":"max-video-preview:-1"},"canonical":"https:\/\/ilpianetadelleidee.it\/en\/prodotto\/poltrona-smile-montessori\/","og_locale":"en_GB","og_type":"article","og_title":"[:it]Poltrona Smile - Montessori[:] - Il Pianeta delle Idee","og_description":"La poltrona che cresce con il bambino.  La poltrona Smile della linea Wood for Kids presenta 3 diverse modalit\u00e0 di utilizzo: seduta bassa, seduta alta e piano di lavoro. \u00c8 una seduta ispirata ai principi di Maria Montessori. \u00c8 adatta per i bambini a partire dai 12 mesi che abbiano sviluppato le necessarie capacit\u00e0 motorie. Con la Poltrona Smile il bambino \u00e8 incoraggiato ad avere iniziativa propria, muovendosi in uno spazio sicuro ed alla sua portata.  \u00c8 fatta a mano in Italia nel nostro laboratorio in Umbria.","og_url":"https:\/\/ilpianetadelleidee.it\/en\/prodotto\/poltrona-smile-montessori\/","og_site_name":"Il Pianeta delle Idee","article_modified_time":"2025-10-24T13:22:07+00:00","og_image":[{"width":1200,"height":800,"url":"https:\/\/ilpianetadelleidee.it\/wp-content\/uploads\/2022\/02\/PianetaIdee_Consegna024-1.jpg","type":"image\/jpeg"}],"twitter_card":"summary_large_image","twitter_misc":{"Estimated reading time":"2 minutes"},"schema":{"@context":"https:\/\/schema.org","@graph":[{"@type":"WebPage","@id":"https:\/\/ilpianetadelleidee.it\/prodotto\/poltrona-smile-montessori\/","url":"https:\/\/ilpianetadelleidee.it\/prodotto\/poltrona-smile-montessori\/","name":"Poltrona Smile - Montessori","isPartOf":{"@id":"https:\/\/ilpianetadelleidee.it\/#website"},"datePublished":"2022-02-27T15:19:07+00:00","dateModified":"2025-10-24T13:22:07+00:00","breadcrumb":{"@id":"https:\/\/ilpianetadelleidee.it\/prodotto\/poltrona-smile-montessori\/#breadcrumb"},"inLanguage":"en-GB","potentialAction":[{"@type":"ReadAction","target":["https:\/\/ilpianetadelleidee.it\/prodotto\/poltrona-smile-montessori\/"]}]},{"@type":"BreadcrumbList","@id":"https:\/\/ilpianetadelleidee.it\/prodotto\/poltrona-smile-montessori\/#breadcrumb","itemListElement":[{"@type":"ListItem","position":1,"name":"Home","item":"https:\/\/ilpianetadelleidee.it\/"},{"@type":"ListItem","position":2,"name":"Shop","item":"https:\/\/ilpianetadelleidee.it\/en\/negozio\/"},{"@type":"ListItem","position":3,"name":"Poltrona Smile &#8211; Montessori"}]},{"@type":"WebSite","@id":"https:\/\/ilpianetadelleidee.it\/#website","url":"https:\/\/ilpianetadelleidee.it\/","name":"Il Pianeta delle Idee","description":"Un Mondo di Legno e Colori","potentialAction":[{"@type":"SearchAction","target":{"@type":"EntryPoint","urlTemplate":"https:\/\/ilpianetadelleidee.it\/?s={search_term_string}"},"query-input":{"@type":"PropertyValueSpecification","valueRequired":true,"valueName":"search_term_string"}}],"inLanguage":"en-GB"}]}},"_links":{"self":[{"href":"https:\/\/ilpianetadelleidee.it\/en\/wp-json\/wp\/v2\/product\/8355","targetHints":{"allow":["GET"]}}],"collection":[{"href":"https:\/\/ilpianetadelleidee.it\/en\/wp-json\/wp\/v2\/product"}],"about":[{"href":"https:\/\/ilpianetadelleidee.it\/en\/wp-json\/wp\/v2\/types\/product"}],"wp:attachment":[{"href":"https:\/\/ilpianetadelleidee.it\/en\/wp-json\/wp\/v2\/media?parent=8355"}],"wp:term":[{"taxonomy":"product_brand","embeddable":true,"href":"https:\/\/ilpianetadelleidee.it\/en\/wp-json\/wp\/v2\/product_brand?post=8355"},{"taxonomy":"product_cat","embeddable":true,"href":"https:\/\/ilpianetadelleidee.it\/en\/wp-json\/wp\/v2\/product_cat?post=8355"},{"taxonomy":"product_tag","embeddable":true,"href":"https:\/\/ilpianetadelleidee.it\/en\/wp-json\/wp\/v2\/product_tag?post=8355"}],"curies":[{"name":"wp","href":"https:\/\/api.w.org\/{rel}","templated":true}]}}