{"id":8438,"date":"2022-02-28T14:47:40","date_gmt":"2022-02-28T13:47:40","guid":{"rendered":"https:\/\/ilpianetadelleidee.it\/?post_type=product&#038;p=8438"},"modified":"2025-10-24T14:22:05","modified_gmt":"2025-10-24T13:22:05","slug":"libreria-montessori-smile-big-size","status":"publish","type":"product","link":"https:\/\/ilpianetadelleidee.it\/en\/prodotto\/libreria-montessori-smile-big-size\/","title":{"rendered":"Libreria Montessori Smile  &#8211; Big Size"},"content":{"rendered":"<div class=\"wpb-content-wrapper\"><p>[vc_row][vc_column][vc_column_text woodmart_inline=&#8221;no&#8221; text_larger=&#8221;no&#8221;]<span style=\"color: #339966;\"><strong><em>0 Co2 in atmosfera<\/em><\/strong>!<\/span> La Libreria Montessori \u00e8 <span style=\"color: #339966;\"><strong><em>biocompatibile<\/em><\/strong><\/span>, perch\u00e9 prodotta solo con energia solare, vernici atossiche e con legno certificato.<\/p>\n<p><span style=\"color: #339966;\"><strong><em>Ergonomica e sicura.<\/em> <\/strong><\/span>\u00c8 a misura di bambino, che pu\u00f2 raggiungere i libri in autonomia senza l\u2019aiuto dei genitori. Coerentemente con i principi dell\u2019insegnamento della pediatra Maria Montessori, il bambino potr\u00e0 cos\u00ec organizzare il proprio spazio di gioco e di apprendimento, acquistando fiducia nei propri movimenti e nelle proprie capacit\u00e0. \u00c8 facilmente assicurabile al muro tramite uno stop in dotazione nella scatola.<\/p>\n<p><span style=\"color: #339966;\"><strong><em>Robustezza e leggerezza<\/em><\/strong>.<\/span> Le due pareti laterali terminano con due zampe a pianta larga che fanno poggiare la libreria su una ampia superficie, rendendola stabile e sicura. Le zampe presentano anche una rientranza che permette di accostare la libreria al muro compensando lo spazio del battiscopa.<br \/>\nLa Libreria offre stabilit\u00e0 e solidit\u00e0 pur non superando i 12 kili di peso. E\u2018 anche semplice da montare: le pareti laterali funzionano da struttura portante sulla quale avvitare i ripiani dei libri.<br \/>\nHanno poche viti, un cacciavite sar\u00e0 sufficiente per montarla.<\/p>\n<p><span style=\"color: #339966;\"><strong><em>Design<\/em><\/strong> <strong><em>e sicurezza.<\/em><\/strong><\/span> Diamo spazio al legno e alle sue caratteristiche. Le tipiche venature della betulla sono il complemento di arredo ideale per creare ambienti di gioco e di studio allegri e sereni. Le pareti possono essere di diversi colori, ognuna con i suoi temi che richiamano il regno animale, oppure naturale. I ripiani sono inclinati all\u2019indietro per impedire la caduta dei libri, eliminando allo stesso tempo le fastidiose protezioni frontali.<br \/>\nTutti gli angoli e i bordi sono stondati per evitare al bambino qualsiasi tipo di infortunio.<\/p>\n<p><span style=\"color: #339966;\"><strong><em>Superfici lavabili. <\/em><\/strong><\/span>Abbiamo trattato la Libreria Montessori della linea Wood for Kids con una vernice ad acqua trasparente e lavabile, in maniera da poter pulire i piani con un panno morbido umido.<\/p>\n<p>La Libreria Montessori Smile della linea Wood for Kids \u00e8 uno strumento vendibile insieme alla Torre Montessori Smile . Si pu\u00f2 scegliere un unico stile o combinare i diversi colori. Per scoprire la Torre Montessori Smile <a href=\"https:\/\/ilpianetadelleidee.it\/prodotto\/torre-montessori-smile\/\">cliccate qui<\/a>.[\/vc_column_text][\/vc_column][\/vc_row]<\/p>\n<\/div>","protected":false},"excerpt":{"rendered":"<p><strong><span style=\"color: #339966;\">Pensata per i bambini, utile per\u00a0 gli adulti.<\/span><\/strong><br \/>\nE&#8217; alta 133 cm ed ha 4 ripiani per riporre i libri.<\/p>\n<p>La <span style=\"color: #339966;\"><strong><em>Libreria Montessori Smile-Big Size <\/em><\/strong><\/span>della linea Wood for Kids \u00e8 lo strumento che racchiude gran parte degli insegnamenti sullo sviluppo cognitivo e autonomo del bambino, teorizzato dalla pedagoga italiana.<br \/>\nHa 3 caratteristiche fondamentali: \u00e8 ad altezza bambino, non ha ripiani troppo profondi e soprattutto permette ai libri di essere esposti con la copertina verso il fruitore.<br \/>\nIl quarto ripiano, quello con il sorriso, \u00e8 dedicato ai genitori. Un invito alla lettura da condividere con i bambini.<\/p>\n<p>La Libreria Montessori Smile presenta un gancio laterale per appendere zaini o grembiuli. \u00c8 adatta per i bambini di tutte le et\u00e0 che abbiano sviluppato capacit\u00e0 motorie e interesse verso l\u2019interazione con i libri.<br \/>\nCon questo strumento il bambino \u00e8 incoraggiato ad avere iniziativa propria, muovendosi in uno spazio sicuro ed alla sua portata.<\/p>\n<p>\u00c8 <span style=\"color: #339966;\"><strong><em>fatta a mano in Italia<\/em><\/strong><\/span> nel nostro laboratorio in <span style=\"color: #339966;\"><strong><em>Umbria<\/em><\/strong>.<\/span><\/p>\n","protected":false},"featured_media":0,"template":"","meta":[],"product_brand":[],"product_cat":[15],"product_tag":[761,784,769,760],"class_list":{"0":"post-8438","1":"product","2":"type-product","3":"status-publish","5":"product_cat-senza-categoria","6":"product_tag-arredamento","7":"product_tag-libreria-montessori","8":"product_tag-smile","9":"product_tag-wood-for-kids","10":"pa_modelli-montessori-bosco","11":"pa_modelli-montessori-cosmo","12":"pa_modelli-montessori-fiaba","13":"pa_modelli-montessori-naturale","15":"first","16":"instock","17":"purchasable","18":"product-type-variable"},"yoast_head":"<!-- This site is optimized with the Yoast SEO plugin v26.6 - https:\/\/yoast.com\/wordpress\/plugins\/seo\/ -->\n<title>Libreria Montessori Smile - Big Size<\/title>\n<meta name=\"robots\" content=\"index, follow, max-snippet:-1, max-image-preview:large, max-video-preview:-1\" \/>\n<link rel=\"canonical\" href=\"https:\/\/ilpianetadelleidee.it\/en\/prodotto\/libreria-montessori-smile-big-size\/\" \/>\n<meta property=\"og:locale\" content=\"en_GB\" \/>\n<meta property=\"og:locale:alternate\" content=\"it_IT\" \/>\n<meta property=\"og:type\" content=\"article\" \/>\n<meta property=\"og:title\" content=\"Libreria Montessori Smile - Big Size\" \/>\n<meta property=\"og:description\" content=\"Pensata per i bambini, utile per\u00a0 gli adulti. E&#039; alta 133 cm ed ha 4 ripiani per riporre i libri.  La Libreria Montessori Smile-Big Size della linea Wood for Kids \u00e8 lo strumento che racchiude gran parte degli insegnamenti sullo sviluppo cognitivo e autonomo del bambino, teorizzato dalla pedagoga italiana. Ha 3 caratteristiche fondamentali: \u00e8 ad altezza bambino, non ha ripiani troppo profondi e soprattutto permette ai libri di essere esposti con la copertina verso il fruitore. Il quarto ripiano, quello con il sorriso, \u00e8 dedicato ai genitori. Un invito alla lettura da condividere con i bambini.  La Libreria Montessori Smile presenta un gancio laterale per appendere zaini o grembiuli. \u00c8 adatta per i bambini di tutte le et\u00e0 che abbiano sviluppato capacit\u00e0 motorie e interesse verso l\u2019interazione con i libri. Con questo strumento il bambino \u00e8 incoraggiato ad avere iniziativa propria, muovendosi in uno spazio sicuro ed alla sua portata.  \u00c8 fatta a mano in Italia nel nostro laboratorio in Umbria.\" \/>\n<meta property=\"og:url\" content=\"https:\/\/ilpianetadelleidee.it\/en\/prodotto\/libreria-montessori-smile-big-size\/\" \/>\n<meta property=\"og:site_name\" content=\"Il Pianeta delle Idee\" \/>\n<meta property=\"article:modified_time\" content=\"2025-10-24T13:22:05+00:00\" \/>\n<meta property=\"og:image\" content=\"https:\/\/ilpianetadelleidee.it\/wp-content\/uploads\/2022\/02\/PianetaIdee_Consegna093.jpg\" \/>\n\t<meta property=\"og:image:width\" content=\"800\" \/>\n\t<meta property=\"og:image:height\" content=\"1200\" \/>\n\t<meta property=\"og:image:type\" content=\"image\/jpeg\" \/>\n<meta name=\"twitter:card\" content=\"summary_large_image\" \/>\n<meta name=\"twitter:label1\" content=\"Estimated reading time\" \/>\n\t<meta name=\"twitter:data1\" content=\"2 minutes\" \/>\n<script type=\"application\/ld+json\" class=\"yoast-schema-graph\">{\"@context\":\"https:\/\/schema.org\",\"@graph\":[{\"@type\":\"WebPage\",\"@id\":\"https:\/\/ilpianetadelleidee.it\/prodotto\/libreria-montessori-smile-big-size\/\",\"url\":\"https:\/\/ilpianetadelleidee.it\/prodotto\/libreria-montessori-smile-big-size\/\",\"name\":\"Libreria Montessori Smile - Big Size\",\"isPartOf\":{\"@id\":\"https:\/\/ilpianetadelleidee.it\/#website\"},\"datePublished\":\"2022-02-28T13:47:40+00:00\",\"dateModified\":\"2025-10-24T13:22:05+00:00\",\"breadcrumb\":{\"@id\":\"https:\/\/ilpianetadelleidee.it\/prodotto\/libreria-montessori-smile-big-size\/#breadcrumb\"},\"inLanguage\":\"en-GB\",\"potentialAction\":[{\"@type\":\"ReadAction\",\"target\":[\"https:\/\/ilpianetadelleidee.it\/prodotto\/libreria-montessori-smile-big-size\/\"]}]},{\"@type\":\"BreadcrumbList\",\"@id\":\"https:\/\/ilpianetadelleidee.it\/prodotto\/libreria-montessori-smile-big-size\/#breadcrumb\",\"itemListElement\":[{\"@type\":\"ListItem\",\"position\":1,\"name\":\"Home\",\"item\":\"https:\/\/ilpianetadelleidee.it\/\"},{\"@type\":\"ListItem\",\"position\":2,\"name\":\"Shop\",\"item\":\"https:\/\/ilpianetadelleidee.it\/en\/negozio\/\"},{\"@type\":\"ListItem\",\"position\":3,\"name\":\"Libreria Montessori Smile &#8211; Big Size\"}]},{\"@type\":\"WebSite\",\"@id\":\"https:\/\/ilpianetadelleidee.it\/#website\",\"url\":\"https:\/\/ilpianetadelleidee.it\/\",\"name\":\"Il Pianeta delle Idee\",\"description\":\"Un Mondo di Legno e Colori\",\"potentialAction\":[{\"@type\":\"SearchAction\",\"target\":{\"@type\":\"EntryPoint\",\"urlTemplate\":\"https:\/\/ilpianetadelleidee.it\/?s={search_term_string}\"},\"query-input\":{\"@type\":\"PropertyValueSpecification\",\"valueRequired\":true,\"valueName\":\"search_term_string\"}}],\"inLanguage\":\"en-GB\"}]}<\/script>\n<!-- \/ Yoast SEO plugin. -->","yoast_head_json":{"title":"Libreria Montessori Smile - Big Size","robots":{"index":"index","follow":"follow","max-snippet":"max-snippet:-1","max-image-preview":"max-image-preview:large","max-video-preview":"max-video-preview:-1"},"canonical":"https:\/\/ilpianetadelleidee.it\/en\/prodotto\/libreria-montessori-smile-big-size\/","og_locale":"en_GB","og_type":"article","og_title":"[:it]Libreria Montessori Smile - Big Size[:] - Il Pianeta delle Idee","og_description":"Pensata per i bambini, utile per\u00a0 gli adulti. E' alta 133 cm ed ha 4 ripiani per riporre i libri.  La Libreria Montessori Smile-Big Size della linea Wood for Kids \u00e8 lo strumento che racchiude gran parte degli insegnamenti sullo sviluppo cognitivo e autonomo del bambino, teorizzato dalla pedagoga italiana. Ha 3 caratteristiche fondamentali: \u00e8 ad altezza bambino, non ha ripiani troppo profondi e soprattutto permette ai libri di essere esposti con la copertina verso il fruitore. Il quarto ripiano, quello con il sorriso, \u00e8 dedicato ai genitori. Un invito alla lettura da condividere con i bambini.  La Libreria Montessori Smile presenta un gancio laterale per appendere zaini o grembiuli. \u00c8 adatta per i bambini di tutte le et\u00e0 che abbiano sviluppato capacit\u00e0 motorie e interesse verso l\u2019interazione con i libri. Con questo strumento il bambino \u00e8 incoraggiato ad avere iniziativa propria, muovendosi in uno spazio sicuro ed alla sua portata.  \u00c8 fatta a mano in Italia nel nostro laboratorio in Umbria.","og_url":"https:\/\/ilpianetadelleidee.it\/en\/prodotto\/libreria-montessori-smile-big-size\/","og_site_name":"Il Pianeta delle Idee","article_modified_time":"2025-10-24T13:22:05+00:00","og_image":[{"width":800,"height":1200,"url":"https:\/\/ilpianetadelleidee.it\/wp-content\/uploads\/2022\/02\/PianetaIdee_Consegna093.jpg","type":"image\/jpeg"}],"twitter_card":"summary_large_image","twitter_misc":{"Estimated reading time":"2 minutes"},"schema":{"@context":"https:\/\/schema.org","@graph":[{"@type":"WebPage","@id":"https:\/\/ilpianetadelleidee.it\/prodotto\/libreria-montessori-smile-big-size\/","url":"https:\/\/ilpianetadelleidee.it\/prodotto\/libreria-montessori-smile-big-size\/","name":"Libreria Montessori Smile - Big Size","isPartOf":{"@id":"https:\/\/ilpianetadelleidee.it\/#website"},"datePublished":"2022-02-28T13:47:40+00:00","dateModified":"2025-10-24T13:22:05+00:00","breadcrumb":{"@id":"https:\/\/ilpianetadelleidee.it\/prodotto\/libreria-montessori-smile-big-size\/#breadcrumb"},"inLanguage":"en-GB","potentialAction":[{"@type":"ReadAction","target":["https:\/\/ilpianetadelleidee.it\/prodotto\/libreria-montessori-smile-big-size\/"]}]},{"@type":"BreadcrumbList","@id":"https:\/\/ilpianetadelleidee.it\/prodotto\/libreria-montessori-smile-big-size\/#breadcrumb","itemListElement":[{"@type":"ListItem","position":1,"name":"Home","item":"https:\/\/ilpianetadelleidee.it\/"},{"@type":"ListItem","position":2,"name":"Shop","item":"https:\/\/ilpianetadelleidee.it\/en\/negozio\/"},{"@type":"ListItem","position":3,"name":"Libreria Montessori Smile &#8211; Big Size"}]},{"@type":"WebSite","@id":"https:\/\/ilpianetadelleidee.it\/#website","url":"https:\/\/ilpianetadelleidee.it\/","name":"Il Pianeta delle Idee","description":"Un Mondo di Legno e Colori","potentialAction":[{"@type":"SearchAction","target":{"@type":"EntryPoint","urlTemplate":"https:\/\/ilpianetadelleidee.it\/?s={search_term_string}"},"query-input":{"@type":"PropertyValueSpecification","valueRequired":true,"valueName":"search_term_string"}}],"inLanguage":"en-GB"}]}},"_links":{"self":[{"href":"https:\/\/ilpianetadelleidee.it\/en\/wp-json\/wp\/v2\/product\/8438","targetHints":{"allow":["GET"]}}],"collection":[{"href":"https:\/\/ilpianetadelleidee.it\/en\/wp-json\/wp\/v2\/product"}],"about":[{"href":"https:\/\/ilpianetadelleidee.it\/en\/wp-json\/wp\/v2\/types\/product"}],"wp:attachment":[{"href":"https:\/\/ilpianetadelleidee.it\/en\/wp-json\/wp\/v2\/media?parent=8438"}],"wp:term":[{"taxonomy":"product_brand","embeddable":true,"href":"https:\/\/ilpianetadelleidee.it\/en\/wp-json\/wp\/v2\/product_brand?post=8438"},{"taxonomy":"product_cat","embeddable":true,"href":"https:\/\/ilpianetadelleidee.it\/en\/wp-json\/wp\/v2\/product_cat?post=8438"},{"taxonomy":"product_tag","embeddable":true,"href":"https:\/\/ilpianetadelleidee.it\/en\/wp-json\/wp\/v2\/product_tag?post=8438"}],"curies":[{"name":"wp","href":"https:\/\/api.w.org\/{rel}","templated":true}]}}