{"id":9852,"date":"2023-03-09T08:55:55","date_gmt":"2023-03-09T07:55:55","guid":{"rendered":"https:\/\/ilpianetadelleidee.it\/?post_type=product&#038;p=9852"},"modified":"2025-10-24T14:22:00","modified_gmt":"2025-10-24T13:22:00","slug":"balance-bridge","status":"publish","type":"product","link":"https:\/\/ilpianetadelleidee.it\/en\/prodotto\/balance-bridge\/","title":{"rendered":"Smile Balance &#038; Bridge"},"content":{"rendered":"<div class=\"wpb-content-wrapper\"><p>[vc_row][vc_column][vc_column_text css=&#8221;&#8221; woodmart_inline=&#8221;no&#8221; text_larger=&#8221;no&#8221;]The Balance &#038; Bridge from the <span style=\"color: #339966;\"><strong>Wood for Kids<\/strong><\/span> line is a tool with a thousand uses: it is both a rocking chair, a cradle for resting, reading and playing, a bridge to cross, under which to pass or hide. It can be a den, a cave, a castle or a useful tool for acquiring motor and balance skills.<\/p>\n<p>It is suitable for preschool and school age children. It can be used from 12 months on by babies who have developed the necessary motor skills, autonomously following their inclination to move, erect position and balance.<br \/>\nWith this tool the child is encouraged to have his own initiative, moving in a safe space within his reach.<\/p>\n<p>It is <span style=\"color: #339966;\"> <em><strong>handmade in Italy<\/strong><\/em><\/span> in our laboratory in <span style=\"color: #339966;\"><em><strong>Umbria<\/strong><\/em>.<\/span><\/p>\n<p><span style=\"color: #339966;\"><em><strong>0 Co2 in the atmosphere<\/strong><\/em>!<\/span> The Balance &#038; Bridge is <span style=\"color: #339966;\"><em><strong>biocompatible<\/strong><\/em><\/span>, because it is produced only with solar energy, non-toxic paints and certified wood.<\/p>\n<p><span style=\"color: #339966;\"><em><strong>Ergonomic and portable.<\/strong><\/em><\/span> While not a Montessori tool in the strict sense, it is designed in proportion to the size of the children and can be moved independently without the help of parents. Consistent with the teaching principles of the Pikler and Montessori pediatricians, the child will thus be able to organize his own play and learning space, gaining confidence in his own movements and abilities.<\/p>\n<p><span style=\"color: #339966;\"><em><strong>Robustness and lightness<\/strong><\/em>.<\/span> We have created two arched structures that make the game rest on a solid surface, making it stable and safe. The Balance &#038; Bridge demonstrates solidity while not exceeding 4 kilos in weight (while the slide weighs 5 kilos). It is also simple to assemble: the lateral arches act as a supporting structure on which to screw perfectly smooth colored support boards. It has a few screws and a screwdriver will be enough to mount it.<\/p>\n<p><span style=\"color: #339966;\"><em><strong>Design and safety.<\/strong><\/em><\/span> We give space to wood and its characteristics. The typical grain of birch is the ideal piece of furniture to create cheerful and serene play environments. The support tables can be of different colors, each with its own themes that recall the animal kingdom, or natural.<br \/>\nAll corners and edges are rounded to prevent any kind of injury to the child.<\/p>\n<p><span style=\"color: #339966;\"><em><strong>Washable surfaces. <\/strong><\/em><\/span>We have treated the Balance &#038; Bridge from the Wood for Kids line with a transparent and washable water-based varnish, so that the top can be cleaned with the most common detergent products and a soft cloth.<\/p>\n<p><span style=\"color: #339966;\"><strong><em>Build your own playground.<\/em><\/strong><\/span> The Balance &#038; Bridge, together with the Pikler Triangle and the Ramp Slide, together form a fantastic path where you can play, rest, climb, hide and imagine fantastic worlds. You can choose a single style or combine different colors. All the products of the <span style=\"color: #339966;\"><strong>Wood for Kids<\/strong><\/span> are compatible with each other. You can buy the complete playground through the appropriate product sheet which can be consulted at its link.<br \/>\nOr add the slide triangle from its card.[\/vc_column_text][\/vc_column][\/vc_row]<\/p>\n<\/div>","protected":false},"excerpt":{"rendered":"<p><span style=\"color: #ff0000;\"><strong>New for 2023!<\/strong><\/span><br \/>\n<span style=\"color: #339966;\"><strong>The Furniture with the Smile of Il Pianeta delle Idee!<\/strong><\/span><br \/>\nThe<span style=\"color: #339966;\"><strong> Balance &#038; <span style=\"color: #339966;\">Bridge <\/span><\/strong><\/span>of the<span style=\"color: #339966;\"><strong> Wood for Kids <\/strong><\/span>is a safe swing, it is a bridge to cross, but above all it is a game!<br \/>\nIt is a versatile tool that allows the child to perform a series of motor exercises while playing.<\/p>\n<p>This will allow him to discover his own body and become familiar with\u00a0small heights, crossings and freedom of movement.<\/p>\n<p>The Balance &#038; Bridge of Il Pianeta delle Idee is compatible with the other motor tools of the <span style=\"color: #339966;\"><strong>Wood for Kids<\/strong> <\/span>line , like the <span style=\"color: #339966;\"><a style=\"color: #339966;\" href=\"https:\/\/ilpianetadelleidee.it\/en\/prodotto\/triangolo-di-pikler-con-scivolo-wood-for-kids\/\">Pikler&#8217;s triangle<\/a><\/span> and the <a href=\"https :\/\/ilpianetadelleidee.it\/en\/prodotto\/scivolo-triangolo-di-pikler\/\"><span style=\"color: #339966;\">Slide Ramp<\/span><\/a>. Together they form a fantastic home playground that can be modulated in many ways, which will give your little ones a whole new world to explore.<\/p>\n<p>On this page you can find the complete Play Ground with an interesting discount.<\/p>\n<p>&nbsp;<\/p>\n","protected":false},"featured_media":10012,"template":"","meta":[],"product_brand":[],"product_cat":[677,814],"product_tag":[822,821,819,820,761,313,773,775,769,760],"class_list":{"0":"post-9852","1":"product","2":"type-product","3":"status-publish","4":"has-post-thumbnail","6":"product_cat-arredare","7":"product_cat-allegri-animali-arredo","8":"product_tag-balance-bridge","9":"product_tag-balance-board","10":"product_tag-balance","11":"product_tag-bridge","12":"product_tag-arredamento","13":"product_tag-gioco","14":"product_tag-montessori","15":"product_tag-pikler","16":"product_tag-smile","17":"product_tag-wood-for-kids","18":"pa_modelli-montessori-bosco","19":"pa_modelli-montessori-cosmo","20":"pa_modelli-montessori-fiaba","21":"pa_modelli-montessori-naturale","23":"first","24":"instock","25":"purchasable","26":"product-type-variable"},"yoast_head":"<!-- This site is optimized with the Yoast SEO plugin v26.6 - https:\/\/yoast.com\/wordpress\/plugins\/seo\/ -->\n<title>Balance &amp; Bridge - Il Pianeta delle Idee - La Balance Made in Italy<\/title>\n<meta name=\"description\" content=\"Novit\u00e0 2023! La Balance &amp; Bridge della linea Wood for Kids \u00e8 un dondolo sicuro, \u00e8 un ponte da attraversare, ma soprattutto uno strumento di esercizi mot\u00f2ri.\" \/>\n<meta name=\"robots\" content=\"index, follow, max-snippet:-1, max-image-preview:large, max-video-preview:-1\" \/>\n<link rel=\"canonical\" href=\"https:\/\/ilpianetadelleidee.it\/en\/prodotto\/balance-bridge\/\" \/>\n<meta property=\"og:locale\" content=\"en_GB\" \/>\n<meta property=\"og:locale:alternate\" content=\"it_IT\" \/>\n<meta property=\"og:type\" content=\"article\" \/>\n<meta property=\"og:title\" content=\"Balance &amp; Bridge - Il Pianeta delle Idee - La Balance Made in Italy\" \/>\n<meta property=\"og:description\" content=\"Novit\u00e0 2023! La Balance &amp; Bridge della linea Wood for Kids \u00e8 un dondolo sicuro, \u00e8 un ponte da attraversare, ma soprattutto uno strumento di esercizi mot\u00f2ri.\" \/>\n<meta property=\"og:url\" content=\"https:\/\/ilpianetadelleidee.it\/en\/prodotto\/balance-bridge\/\" \/>\n<meta property=\"og:site_name\" content=\"Il Pianeta delle Idee\" \/>\n<meta property=\"article:modified_time\" content=\"2025-10-24T13:22:00+00:00\" \/>\n<meta property=\"og:image\" content=\"https:\/\/ilpianetadelleidee.it\/wp-content\/uploads\/2023\/03\/Balance-board-generale.jpg\" \/>\n\t<meta property=\"og:image:width\" content=\"1200\" \/>\n\t<meta property=\"og:image:height\" content=\"348\" \/>\n\t<meta property=\"og:image:type\" content=\"image\/jpeg\" \/>\n<meta name=\"twitter:card\" content=\"summary_large_image\" \/>\n<meta name=\"twitter:label1\" content=\"Estimated reading time\" \/>\n\t<meta name=\"twitter:data1\" content=\"3 minutes\" \/>\n<script type=\"application\/ld+json\" class=\"yoast-schema-graph\">{\"@context\":\"https:\/\/schema.org\",\"@graph\":[{\"@type\":\"WebPage\",\"@id\":\"https:\/\/ilpianetadelleidee.it\/prodotto\/balance-bridge\/\",\"url\":\"https:\/\/ilpianetadelleidee.it\/prodotto\/balance-bridge\/\",\"name\":\"Balance & Bridge - Il Pianeta delle Idee - La Balance Made in Italy\",\"isPartOf\":{\"@id\":\"https:\/\/ilpianetadelleidee.it\/#website\"},\"primaryImageOfPage\":{\"@id\":\"https:\/\/ilpianetadelleidee.it\/prodotto\/balance-bridge\/#primaryimage\"},\"image\":{\"@id\":\"https:\/\/ilpianetadelleidee.it\/prodotto\/balance-bridge\/#primaryimage\"},\"thumbnailUrl\":\"\",\"datePublished\":\"2023-03-09T07:55:55+00:00\",\"dateModified\":\"2025-10-24T13:22:00+00:00\",\"description\":\"Novit\u00e0 2023! La Balance & Bridge della linea Wood for Kids \u00e8 un dondolo sicuro, \u00e8 un ponte da attraversare, ma soprattutto uno strumento di esercizi mot\u00f2ri.\",\"breadcrumb\":{\"@id\":\"https:\/\/ilpianetadelleidee.it\/prodotto\/balance-bridge\/#breadcrumb\"},\"inLanguage\":\"en-GB\",\"potentialAction\":[{\"@type\":\"ReadAction\",\"target\":[\"https:\/\/ilpianetadelleidee.it\/prodotto\/balance-bridge\/\"]}]},{\"@type\":\"ImageObject\",\"inLanguage\":\"en-GB\",\"@id\":\"https:\/\/ilpianetadelleidee.it\/prodotto\/balance-bridge\/#primaryimage\",\"url\":\"\",\"contentUrl\":\"\"},{\"@type\":\"BreadcrumbList\",\"@id\":\"https:\/\/ilpianetadelleidee.it\/prodotto\/balance-bridge\/#breadcrumb\",\"itemListElement\":[{\"@type\":\"ListItem\",\"position\":1,\"name\":\"Home\",\"item\":\"https:\/\/ilpianetadelleidee.it\/\"},{\"@type\":\"ListItem\",\"position\":2,\"name\":\"Shop\",\"item\":\"https:\/\/ilpianetadelleidee.it\/en\/negozio\/\"},{\"@type\":\"ListItem\",\"position\":3,\"name\":\"Balance &#038; Bridge Smile\"}]},{\"@type\":\"WebSite\",\"@id\":\"https:\/\/ilpianetadelleidee.it\/#website\",\"url\":\"https:\/\/ilpianetadelleidee.it\/\",\"name\":\"Il Pianeta delle Idee\",\"description\":\"Un Mondo di Legno e Colori\",\"potentialAction\":[{\"@type\":\"SearchAction\",\"target\":{\"@type\":\"EntryPoint\",\"urlTemplate\":\"https:\/\/ilpianetadelleidee.it\/?s={search_term_string}\"},\"query-input\":{\"@type\":\"PropertyValueSpecification\",\"valueRequired\":true,\"valueName\":\"search_term_string\"}}],\"inLanguage\":\"en-GB\"}]}<\/script>\n<!-- \/ Yoast SEO plugin. -->","yoast_head_json":{"title":"Balance & Bridge - Il Pianeta delle Idee - La Balance Made in Italy","description":"Novit\u00e0 2023! La Balance & Bridge della linea Wood for Kids \u00e8 un dondolo sicuro, \u00e8 un ponte da attraversare, ma soprattutto uno strumento di esercizi mot\u00f2ri.","robots":{"index":"index","follow":"follow","max-snippet":"max-snippet:-1","max-image-preview":"max-image-preview:large","max-video-preview":"max-video-preview:-1"},"canonical":"https:\/\/ilpianetadelleidee.it\/en\/prodotto\/balance-bridge\/","og_locale":"en_GB","og_type":"article","og_title":"Balance & Bridge - Il Pianeta delle Idee - La Balance Made in Italy","og_description":"Novit\u00e0 2023! La Balance & Bridge della linea Wood for Kids \u00e8 un dondolo sicuro, \u00e8 un ponte da attraversare, ma soprattutto uno strumento di esercizi mot\u00f2ri.","og_url":"https:\/\/ilpianetadelleidee.it\/en\/prodotto\/balance-bridge\/","og_site_name":"Il Pianeta delle Idee","article_modified_time":"2025-10-24T13:22:00+00:00","og_image":[{"width":1200,"height":348,"url":"https:\/\/ilpianetadelleidee.it\/wp-content\/uploads\/2023\/03\/Balance-board-generale.jpg","type":"image\/jpeg"}],"twitter_card":"summary_large_image","twitter_misc":{"Estimated reading time":"3 minutes"},"schema":{"@context":"https:\/\/schema.org","@graph":[{"@type":"WebPage","@id":"https:\/\/ilpianetadelleidee.it\/prodotto\/balance-bridge\/","url":"https:\/\/ilpianetadelleidee.it\/prodotto\/balance-bridge\/","name":"Balance & Bridge - Il Pianeta delle Idee - La Balance Made in Italy","isPartOf":{"@id":"https:\/\/ilpianetadelleidee.it\/#website"},"primaryImageOfPage":{"@id":"https:\/\/ilpianetadelleidee.it\/prodotto\/balance-bridge\/#primaryimage"},"image":{"@id":"https:\/\/ilpianetadelleidee.it\/prodotto\/balance-bridge\/#primaryimage"},"thumbnailUrl":"","datePublished":"2023-03-09T07:55:55+00:00","dateModified":"2025-10-24T13:22:00+00:00","description":"Novit\u00e0 2023! La Balance & Bridge della linea Wood for Kids \u00e8 un dondolo sicuro, \u00e8 un ponte da attraversare, ma soprattutto uno strumento di esercizi mot\u00f2ri.","breadcrumb":{"@id":"https:\/\/ilpianetadelleidee.it\/prodotto\/balance-bridge\/#breadcrumb"},"inLanguage":"en-GB","potentialAction":[{"@type":"ReadAction","target":["https:\/\/ilpianetadelleidee.it\/prodotto\/balance-bridge\/"]}]},{"@type":"ImageObject","inLanguage":"en-GB","@id":"https:\/\/ilpianetadelleidee.it\/prodotto\/balance-bridge\/#primaryimage","url":"","contentUrl":""},{"@type":"BreadcrumbList","@id":"https:\/\/ilpianetadelleidee.it\/prodotto\/balance-bridge\/#breadcrumb","itemListElement":[{"@type":"ListItem","position":1,"name":"Home","item":"https:\/\/ilpianetadelleidee.it\/"},{"@type":"ListItem","position":2,"name":"Shop","item":"https:\/\/ilpianetadelleidee.it\/en\/negozio\/"},{"@type":"ListItem","position":3,"name":"Balance &#038; Bridge Smile"}]},{"@type":"WebSite","@id":"https:\/\/ilpianetadelleidee.it\/#website","url":"https:\/\/ilpianetadelleidee.it\/","name":"Il Pianeta delle Idee","description":"Un Mondo di Legno e Colori","potentialAction":[{"@type":"SearchAction","target":{"@type":"EntryPoint","urlTemplate":"https:\/\/ilpianetadelleidee.it\/?s={search_term_string}"},"query-input":{"@type":"PropertyValueSpecification","valueRequired":true,"valueName":"search_term_string"}}],"inLanguage":"en-GB"}]}},"_links":{"self":[{"href":"https:\/\/ilpianetadelleidee.it\/en\/wp-json\/wp\/v2\/product\/9852","targetHints":{"allow":["GET"]}}],"collection":[{"href":"https:\/\/ilpianetadelleidee.it\/en\/wp-json\/wp\/v2\/product"}],"about":[{"href":"https:\/\/ilpianetadelleidee.it\/en\/wp-json\/wp\/v2\/types\/product"}],"wp:featuredmedia":[{"embeddable":true,"href":"https:\/\/ilpianetadelleidee.it\/en\/wp-json\/"}],"wp:attachment":[{"href":"https:\/\/ilpianetadelleidee.it\/en\/wp-json\/wp\/v2\/media?parent=9852"}],"wp:term":[{"taxonomy":"product_brand","embeddable":true,"href":"https:\/\/ilpianetadelleidee.it\/en\/wp-json\/wp\/v2\/product_brand?post=9852"},{"taxonomy":"product_cat","embeddable":true,"href":"https:\/\/ilpianetadelleidee.it\/en\/wp-json\/wp\/v2\/product_cat?post=9852"},{"taxonomy":"product_tag","embeddable":true,"href":"https:\/\/ilpianetadelleidee.it\/en\/wp-json\/wp\/v2\/product_tag?post=9852"}],"curies":[{"name":"wp","href":"https:\/\/api.w.org\/{rel}","templated":true}]}}